{"id":1812,"date":"2020-04-03T14:48:53","date_gmt":"2020-04-03T11:48:53","guid":{"rendered":"https:\/\/ysse.ee\/ettevottest\/"},"modified":"2020-04-08T11:00:53","modified_gmt":"2020-04-08T08:00:53","slug":"yritys","status":"publish","type":"page","link":"https:\/\/ysse.ee\/fi\/yritys\/","title":{"rendered":"Yritys"},"content":{"rendered":"\n<h2 class=\"wp-block-heading\">Ysse O\u00dc<\/h2>\n\n\n\n<p><\/p>\n\n\n\n<p>Ysse O\u00dc on 100% virolaisomisteinen yritys. Valmistamme mittatilauksesta asiakkaan toiveen mukaan nykyaikaisen l\u00e4mpim\u00e4n puuprofiilin sis\u00e4lt\u00e4vi\u00e4 energiatehokkaita ja helppok\u00e4ytt\u00f6isi\u00e4 puu- ja puualumiini-ikkunoita sek\u00e4 massiivipuisia ovia. Meill\u00e4 on pitk\u00e4 kokemus ikkuna- ja oviteollisuudesta, mink\u00e4 ansiosta voimme tarjota yksil\u00f6llisi\u00e4 muoto- ja v\u00e4riratkaisuja.<\/p>\n\n\n\n<p>Materiaalina k\u00e4yt\u00e4mme laadukkaita puumateriaaleja, jotka esik\u00e4sittelyn ja nykyaikaisen pinnoituksen ansiosta varmistavat tuotteiden pitk\u00e4kestoisuuden. Tuotteilla on CE-merkint\u00e4 ja ne t\u00e4ytt\u00e4v\u00e4t Euroopan unionissa ikkunoille ja oville asetetut tekniset vaatimukset.<\/p>\n\n\n\n<p>Ysse O\u00dc:n henkil\u00f6kunnalla on pitk\u00e4 ty\u00f6kokemus ikkunateollisuudesta. Jatkuvan kehityksemme ovat taanneet investoinnit parempiin laitteisiin, avarampiin tuotantotiloihin ja ty\u00f6ntekij\u00f6iden koulutukseen, mik\u00e4 antaa meille mahdollisuuden tarjota yksil\u00f6llisi\u00e4 muoto- ja v\u00e4riratkaisuja.<\/p>\n","protected":false},"excerpt":{"rendered":"Ysse O\u00dc Ysse O\u00dc on 100% virolaisomisteinen yritys. Valmistamme mittatilauksesta asiakkaan toiveen mukaan nykyaikaisen l\u00e4mpim\u00e4n puuprofiilin sis\u00e4lt\u00e4vi\u00e4 energiatehokkaita ja helppok\u00e4ytt\u00f6isi\u00e4 puu- ja puualumiini-ikkunoita sek\u00e4 massiivipuisia ovia. Meill\u00e4 on pitk\u00e4 kokemus ikkuna- ja oviteollisuudesta, mink\u00e4 ansiosta voimme tarjota yksil\u00f6llisi\u00e4 muoto- ja v\u00e4riratkaisuja. Materiaalina k\u00e4yt\u00e4mme laadukkaita puumateriaaleja, jotka esik\u00e4sittelyn ja nykyaikaisen pinnoituksen ansiosta varmistavat tuotteiden pitk\u00e4kestoisuuden. Tuotteilla [&hellip;]","protected":false},"author":2,"featured_media":0,"parent":0,"menu_order":0,"comment_status":"closed","ping_status":"closed","template":"page-templates\/template-company.php","meta":{"_acf_changed":false,"inline_featured_image":false,"advgb_blocks_editor_width":"","advgb_blocks_columns_visual_guide":"","footnotes":""},"class_list":["post-1812","page","type-page","status-publish","hentry"],"acf":[],"yoast_head":"<!-- This site is optimized with the Yoast SEO plugin v26.2 - https:\/\/yoast.com\/wordpress\/plugins\/seo\/ -->\n<title>Yritys - Ysse<\/title>\n<meta name=\"robots\" content=\"index, follow, max-snippet:-1, max-image-preview:large, max-video-preview:-1\" \/>\n<link rel=\"canonical\" href=\"https:\/\/ysse.ee\/fi\/yritys\/\" \/>\n<meta property=\"og:locale\" content=\"fi_FI\" \/>\n<meta property=\"og:type\" content=\"article\" \/>\n<meta property=\"og:title\" content=\"Yritys - Ysse\" \/>\n<meta property=\"og:description\" content=\"Ysse O\u00dc Ysse O\u00dc on 100% virolaisomisteinen yritys. Valmistamme mittatilauksesta asiakkaan toiveen mukaan nykyaikaisen l\u00e4mpim\u00e4n puuprofiilin sis\u00e4lt\u00e4vi\u00e4 energiatehokkaita ja helppok\u00e4ytt\u00f6isi\u00e4 puu- ja puualumiini-ikkunoita sek\u00e4 massiivipuisia ovia. Meill\u00e4 on pitk\u00e4 kokemus ikkuna- ja oviteollisuudesta, mink\u00e4 ansiosta voimme tarjota yksil\u00f6llisi\u00e4 muoto- ja v\u00e4riratkaisuja. Materiaalina k\u00e4yt\u00e4mme laadukkaita puumateriaaleja, jotka esik\u00e4sittelyn ja nykyaikaisen pinnoituksen ansiosta varmistavat tuotteiden pitk\u00e4kestoisuuden. Tuotteilla [&hellip;]\" \/>\n<meta property=\"og:url\" content=\"https:\/\/ysse.ee\/fi\/yritys\/\" \/>\n<meta property=\"og:site_name\" content=\"Ysse\" \/>\n<meta property=\"article:modified_time\" content=\"2020-04-08T08:00:53+00:00\" \/>\n<meta name=\"twitter:card\" content=\"summary_large_image\" \/>\n<meta name=\"twitter:label1\" content=\"Arvioitu lukuaika\" \/>\n\t<meta name=\"twitter:data1\" content=\"1 minuutti\" \/>\n<script type=\"application\/ld+json\" class=\"yoast-schema-graph\">{\"@context\":\"https:\/\/schema.org\",\"@graph\":[{\"@type\":\"WebPage\",\"@id\":\"https:\/\/ysse.ee\/fi\/yritys\/\",\"url\":\"https:\/\/ysse.ee\/fi\/yritys\/\",\"name\":\"Yritys - Ysse\",\"isPartOf\":{\"@id\":\"https:\/\/ysse.ee\/#website\"},\"datePublished\":\"2020-04-03T11:48:53+00:00\",\"dateModified\":\"2020-04-08T08:00:53+00:00\",\"breadcrumb\":{\"@id\":\"https:\/\/ysse.ee\/fi\/yritys\/#breadcrumb\"},\"inLanguage\":\"fi\",\"potentialAction\":[{\"@type\":\"ReadAction\",\"target\":[\"https:\/\/ysse.ee\/fi\/yritys\/\"]}]},{\"@type\":\"BreadcrumbList\",\"@id\":\"https:\/\/ysse.ee\/fi\/yritys\/#breadcrumb\",\"itemListElement\":[{\"@type\":\"ListItem\",\"position\":1,\"name\":\"Home\",\"item\":\"https:\/\/ysse.ee\/fi\/\"},{\"@type\":\"ListItem\",\"position\":2,\"name\":\"Yritys\"}]},{\"@type\":\"WebSite\",\"@id\":\"https:\/\/ysse.ee\/#website\",\"url\":\"https:\/\/ysse.ee\/\",\"name\":\"Ysse\",\"description\":\"Just another WordPress site\",\"publisher\":{\"@id\":\"https:\/\/ysse.ee\/#organization\"},\"potentialAction\":[{\"@type\":\"SearchAction\",\"target\":{\"@type\":\"EntryPoint\",\"urlTemplate\":\"https:\/\/ysse.ee\/?s={search_term_string}\"},\"query-input\":{\"@type\":\"PropertyValueSpecification\",\"valueRequired\":true,\"valueName\":\"search_term_string\"}}],\"inLanguage\":\"fi\"},{\"@type\":\"Organization\",\"@id\":\"https:\/\/ysse.ee\/#organization\",\"name\":\"Ysse O\u00dc\",\"url\":\"https:\/\/ysse.ee\/\",\"logo\":{\"@type\":\"ImageObject\",\"inLanguage\":\"fi\",\"@id\":\"https:\/\/ysse.ee\/#\/schema\/logo\/image\/\",\"url\":\"https:\/\/ysse.ee\/wp-content\/uploads\/2019\/05\/logo-1.svg\",\"contentUrl\":\"https:\/\/ysse.ee\/wp-content\/uploads\/2019\/05\/logo-1.svg\",\"width\":1,\"height\":1,\"caption\":\"Ysse O\u00dc\"},\"image\":{\"@id\":\"https:\/\/ysse.ee\/#\/schema\/logo\/image\/\"}}]}<\/script>\n<!-- \/ Yoast SEO plugin. -->","yoast_head_json":{"title":"Yritys - Ysse","robots":{"index":"index","follow":"follow","max-snippet":"max-snippet:-1","max-image-preview":"max-image-preview:large","max-video-preview":"max-video-preview:-1"},"canonical":"https:\/\/ysse.ee\/fi\/yritys\/","og_locale":"fi_FI","og_type":"article","og_title":"Yritys - Ysse","og_description":"Ysse O\u00dc Ysse O\u00dc on 100% virolaisomisteinen yritys. Valmistamme mittatilauksesta asiakkaan toiveen mukaan nykyaikaisen l\u00e4mpim\u00e4n puuprofiilin sis\u00e4lt\u00e4vi\u00e4 energiatehokkaita ja helppok\u00e4ytt\u00f6isi\u00e4 puu- ja puualumiini-ikkunoita sek\u00e4 massiivipuisia ovia. Meill\u00e4 on pitk\u00e4 kokemus ikkuna- ja oviteollisuudesta, mink\u00e4 ansiosta voimme tarjota yksil\u00f6llisi\u00e4 muoto- ja v\u00e4riratkaisuja. Materiaalina k\u00e4yt\u00e4mme laadukkaita puumateriaaleja, jotka esik\u00e4sittelyn ja nykyaikaisen pinnoituksen ansiosta varmistavat tuotteiden pitk\u00e4kestoisuuden. Tuotteilla [&hellip;]","og_url":"https:\/\/ysse.ee\/fi\/yritys\/","og_site_name":"Ysse","article_modified_time":"2020-04-08T08:00:53+00:00","twitter_card":"summary_large_image","twitter_misc":{"Arvioitu lukuaika":"1 minuutti"},"schema":{"@context":"https:\/\/schema.org","@graph":[{"@type":"WebPage","@id":"https:\/\/ysse.ee\/fi\/yritys\/","url":"https:\/\/ysse.ee\/fi\/yritys\/","name":"Yritys - Ysse","isPartOf":{"@id":"https:\/\/ysse.ee\/#website"},"datePublished":"2020-04-03T11:48:53+00:00","dateModified":"2020-04-08T08:00:53+00:00","breadcrumb":{"@id":"https:\/\/ysse.ee\/fi\/yritys\/#breadcrumb"},"inLanguage":"fi","potentialAction":[{"@type":"ReadAction","target":["https:\/\/ysse.ee\/fi\/yritys\/"]}]},{"@type":"BreadcrumbList","@id":"https:\/\/ysse.ee\/fi\/yritys\/#breadcrumb","itemListElement":[{"@type":"ListItem","position":1,"name":"Home","item":"https:\/\/ysse.ee\/fi\/"},{"@type":"ListItem","position":2,"name":"Yritys"}]},{"@type":"WebSite","@id":"https:\/\/ysse.ee\/#website","url":"https:\/\/ysse.ee\/","name":"Ysse","description":"Just another WordPress site","publisher":{"@id":"https:\/\/ysse.ee\/#organization"},"potentialAction":[{"@type":"SearchAction","target":{"@type":"EntryPoint","urlTemplate":"https:\/\/ysse.ee\/?s={search_term_string}"},"query-input":{"@type":"PropertyValueSpecification","valueRequired":true,"valueName":"search_term_string"}}],"inLanguage":"fi"},{"@type":"Organization","@id":"https:\/\/ysse.ee\/#organization","name":"Ysse O\u00dc","url":"https:\/\/ysse.ee\/","logo":{"@type":"ImageObject","inLanguage":"fi","@id":"https:\/\/ysse.ee\/#\/schema\/logo\/image\/","url":"https:\/\/ysse.ee\/wp-content\/uploads\/2019\/05\/logo-1.svg","contentUrl":"https:\/\/ysse.ee\/wp-content\/uploads\/2019\/05\/logo-1.svg","width":1,"height":1,"caption":"Ysse O\u00dc"},"image":{"@id":"https:\/\/ysse.ee\/#\/schema\/logo\/image\/"}}]}},"coauthors":[],"author_meta":{"author_link":"https:\/\/ysse.ee\/fi\/author\/reaktiiv-ys\/","display_name":"reaktiiv-ys"},"relative_dates":{"created":"Posted 6 vuotta ago","modified":"Updated 6 vuotta ago"},"absolute_dates":{"created":"Posted on 03\/04\/2020","modified":"Updated on 08\/04\/2020"},"absolute_dates_time":{"created":"Posted on 03\/04\/2020 14:48","modified":"Updated on 08\/04\/2020 11:00"},"featured_img_caption":"","featured_img":false,"series_order":"","_links":{"self":[{"href":"https:\/\/ysse.ee\/fi\/wp-json\/wp\/v2\/pages\/1812","targetHints":{"allow":["GET"]}}],"collection":[{"href":"https:\/\/ysse.ee\/fi\/wp-json\/wp\/v2\/pages"}],"about":[{"href":"https:\/\/ysse.ee\/fi\/wp-json\/wp\/v2\/types\/page"}],"author":[{"embeddable":true,"href":"https:\/\/ysse.ee\/fi\/wp-json\/wp\/v2\/users\/2"}],"replies":[{"embeddable":true,"href":"https:\/\/ysse.ee\/fi\/wp-json\/wp\/v2\/comments?post=1812"}],"version-history":[{"count":5,"href":"https:\/\/ysse.ee\/fi\/wp-json\/wp\/v2\/pages\/1812\/revisions"}],"predecessor-version":[{"id":1950,"href":"https:\/\/ysse.ee\/fi\/wp-json\/wp\/v2\/pages\/1812\/revisions\/1950"}],"wp:attachment":[{"href":"https:\/\/ysse.ee\/fi\/wp-json\/wp\/v2\/media?parent=1812"}],"curies":[{"name":"wp","href":"https:\/\/api.w.org\/{rel}","templated":true}]}}