{"id":1582,"date":"2019-05-03T12:32:29","date_gmt":"2019-05-03T12:32:29","guid":{"rendered":"https:\/\/ysse.ee\/?page_id=1582"},"modified":"2020-04-07T10:09:18","modified_gmt":"2020-04-07T07:09:18","slug":"ovet","status":"publish","type":"page","link":"https:\/\/ysse.ee\/fi\/ovet\/","title":{"rendered":"Ovet"},"content":{"rendered":"\n<p>Ovi on talon k\u00e4yntikortti: ulko-ovi tervehtii sek\u00e4 is\u00e4nt\u00e4v\u00e4ke\u00e4 ett\u00e4 vieraita ja sill\u00e4 on suuri merkitys rakennuksen tyylin ja yleisen vaikutelman tuottamisen kannalta.<\/p>\n\n\n\n<p>Massiivipuiset ulko-ovet valmistetaan laadukkaasta m\u00e4nnyst\u00e4 tai tammesta asiakkaan mittojen, v\u00e4ri- ja tyyliratkaisujen mukaan.<\/p>\n\n\n\n<p>Puuovet ovat pitk\u00e4kestoisia ja energiatehokkaita.<\/p>\n","protected":false},"excerpt":{"rendered":"Ovi on talon k\u00e4yntikortti: ulko-ovi tervehtii sek\u00e4 is\u00e4nt\u00e4v\u00e4ke\u00e4 ett\u00e4 vieraita ja sill\u00e4 on suuri merkitys rakennuksen tyylin ja yleisen vaikutelman tuottamisen kannalta. Massiivipuiset ulko-ovet valmistetaan laadukkaasta m\u00e4nnyst\u00e4 tai tammesta asiakkaan mittojen, v\u00e4ri- ja tyyliratkaisujen mukaan. Puuovet ovat pitk\u00e4kestoisia ja energiatehokkaita.","protected":false},"author":2,"featured_media":108,"parent":0,"menu_order":0,"comment_status":"closed","ping_status":"closed","template":"page-templates\/template-products.php","meta":{"_acf_changed":false,"inline_featured_image":false,"advgb_blocks_editor_width":"","advgb_blocks_columns_visual_guide":"","footnotes":""},"class_list":["post-1582","page","type-page","status-publish","has-post-thumbnail","hentry"],"acf":[],"yoast_head":"<!-- This site is optimized with the Yoast SEO plugin v26.2 - https:\/\/yoast.com\/wordpress\/plugins\/seo\/ -->\n<title>Ovet - Ysse<\/title>\n<meta name=\"robots\" content=\"index, follow, max-snippet:-1, max-image-preview:large, max-video-preview:-1\" \/>\n<link rel=\"canonical\" href=\"https:\/\/ysse.ee\/fi\/ovet\/\" \/>\n<meta property=\"og:locale\" content=\"fi_FI\" \/>\n<meta property=\"og:type\" content=\"article\" \/>\n<meta property=\"og:title\" content=\"Ovet - Ysse\" \/>\n<meta property=\"og:description\" content=\"Ovi on talon k\u00e4yntikortti: ulko-ovi tervehtii sek\u00e4 is\u00e4nt\u00e4v\u00e4ke\u00e4 ett\u00e4 vieraita ja sill\u00e4 on suuri merkitys rakennuksen tyylin ja yleisen vaikutelman tuottamisen kannalta. Massiivipuiset ulko-ovet valmistetaan laadukkaasta m\u00e4nnyst\u00e4 tai tammesta asiakkaan mittojen, v\u00e4ri- ja tyyliratkaisujen mukaan. Puuovet ovat pitk\u00e4kestoisia ja energiatehokkaita.\" \/>\n<meta property=\"og:url\" content=\"https:\/\/ysse.ee\/fi\/ovet\/\" \/>\n<meta property=\"og:site_name\" content=\"Ysse\" \/>\n<meta property=\"article:modified_time\" content=\"2020-04-07T07:09:18+00:00\" \/>\n<meta property=\"og:image\" content=\"https:\/\/ysse.ee\/wp-content\/uploads\/2019\/05\/shutterstock_672741706-min.jpg\" \/>\n\t<meta property=\"og:image:width\" content=\"1920\" \/>\n\t<meta property=\"og:image:height\" content=\"1080\" \/>\n\t<meta property=\"og:image:type\" content=\"image\/jpeg\" \/>\n<meta name=\"twitter:card\" content=\"summary_large_image\" \/>\n<script type=\"application\/ld+json\" class=\"yoast-schema-graph\">{\"@context\":\"https:\/\/schema.org\",\"@graph\":[{\"@type\":\"WebPage\",\"@id\":\"https:\/\/ysse.ee\/fi\/ovet\/\",\"url\":\"https:\/\/ysse.ee\/fi\/ovet\/\",\"name\":\"Ovet - Ysse\",\"isPartOf\":{\"@id\":\"https:\/\/ysse.ee\/#website\"},\"primaryImageOfPage\":{\"@id\":\"https:\/\/ysse.ee\/fi\/ovet\/#primaryimage\"},\"image\":{\"@id\":\"https:\/\/ysse.ee\/fi\/ovet\/#primaryimage\"},\"thumbnailUrl\":\"https:\/\/ysse.ee\/wp-content\/uploads\/2019\/05\/shutterstock_672741706-min.jpg\",\"datePublished\":\"2019-05-03T12:32:29+00:00\",\"dateModified\":\"2020-04-07T07:09:18+00:00\",\"breadcrumb\":{\"@id\":\"https:\/\/ysse.ee\/fi\/ovet\/#breadcrumb\"},\"inLanguage\":\"fi\",\"potentialAction\":[{\"@type\":\"ReadAction\",\"target\":[\"https:\/\/ysse.ee\/fi\/ovet\/\"]}]},{\"@type\":\"ImageObject\",\"inLanguage\":\"fi\",\"@id\":\"https:\/\/ysse.ee\/fi\/ovet\/#primaryimage\",\"url\":\"https:\/\/ysse.ee\/wp-content\/uploads\/2019\/05\/shutterstock_672741706-min.jpg\",\"contentUrl\":\"https:\/\/ysse.ee\/wp-content\/uploads\/2019\/05\/shutterstock_672741706-min.jpg\",\"width\":1920,\"height\":1080},{\"@type\":\"BreadcrumbList\",\"@id\":\"https:\/\/ysse.ee\/fi\/ovet\/#breadcrumb\",\"itemListElement\":[{\"@type\":\"ListItem\",\"position\":1,\"name\":\"Home\",\"item\":\"https:\/\/ysse.ee\/fi\/\"},{\"@type\":\"ListItem\",\"position\":2,\"name\":\"Ovet\"}]},{\"@type\":\"WebSite\",\"@id\":\"https:\/\/ysse.ee\/#website\",\"url\":\"https:\/\/ysse.ee\/\",\"name\":\"Ysse\",\"description\":\"Just another WordPress site\",\"publisher\":{\"@id\":\"https:\/\/ysse.ee\/#organization\"},\"potentialAction\":[{\"@type\":\"SearchAction\",\"target\":{\"@type\":\"EntryPoint\",\"urlTemplate\":\"https:\/\/ysse.ee\/?s={search_term_string}\"},\"query-input\":{\"@type\":\"PropertyValueSpecification\",\"valueRequired\":true,\"valueName\":\"search_term_string\"}}],\"inLanguage\":\"fi\"},{\"@type\":\"Organization\",\"@id\":\"https:\/\/ysse.ee\/#organization\",\"name\":\"Ysse O\u00dc\",\"url\":\"https:\/\/ysse.ee\/\",\"logo\":{\"@type\":\"ImageObject\",\"inLanguage\":\"fi\",\"@id\":\"https:\/\/ysse.ee\/#\/schema\/logo\/image\/\",\"url\":\"https:\/\/ysse.ee\/wp-content\/uploads\/2019\/05\/logo-1.svg\",\"contentUrl\":\"https:\/\/ysse.ee\/wp-content\/uploads\/2019\/05\/logo-1.svg\",\"width\":1,\"height\":1,\"caption\":\"Ysse O\u00dc\"},\"image\":{\"@id\":\"https:\/\/ysse.ee\/#\/schema\/logo\/image\/\"}}]}<\/script>\n<!-- \/ Yoast SEO plugin. -->","yoast_head_json":{"title":"Ovet - Ysse","robots":{"index":"index","follow":"follow","max-snippet":"max-snippet:-1","max-image-preview":"max-image-preview:large","max-video-preview":"max-video-preview:-1"},"canonical":"https:\/\/ysse.ee\/fi\/ovet\/","og_locale":"fi_FI","og_type":"article","og_title":"Ovet - Ysse","og_description":"Ovi on talon k\u00e4yntikortti: ulko-ovi tervehtii sek\u00e4 is\u00e4nt\u00e4v\u00e4ke\u00e4 ett\u00e4 vieraita ja sill\u00e4 on suuri merkitys rakennuksen tyylin ja yleisen vaikutelman tuottamisen kannalta. Massiivipuiset ulko-ovet valmistetaan laadukkaasta m\u00e4nnyst\u00e4 tai tammesta asiakkaan mittojen, v\u00e4ri- ja tyyliratkaisujen mukaan. Puuovet ovat pitk\u00e4kestoisia ja energiatehokkaita.","og_url":"https:\/\/ysse.ee\/fi\/ovet\/","og_site_name":"Ysse","article_modified_time":"2020-04-07T07:09:18+00:00","og_image":[{"width":1920,"height":1080,"url":"https:\/\/ysse.ee\/wp-content\/uploads\/2019\/05\/shutterstock_672741706-min.jpg","type":"image\/jpeg"}],"twitter_card":"summary_large_image","schema":{"@context":"https:\/\/schema.org","@graph":[{"@type":"WebPage","@id":"https:\/\/ysse.ee\/fi\/ovet\/","url":"https:\/\/ysse.ee\/fi\/ovet\/","name":"Ovet - Ysse","isPartOf":{"@id":"https:\/\/ysse.ee\/#website"},"primaryImageOfPage":{"@id":"https:\/\/ysse.ee\/fi\/ovet\/#primaryimage"},"image":{"@id":"https:\/\/ysse.ee\/fi\/ovet\/#primaryimage"},"thumbnailUrl":"https:\/\/ysse.ee\/wp-content\/uploads\/2019\/05\/shutterstock_672741706-min.jpg","datePublished":"2019-05-03T12:32:29+00:00","dateModified":"2020-04-07T07:09:18+00:00","breadcrumb":{"@id":"https:\/\/ysse.ee\/fi\/ovet\/#breadcrumb"},"inLanguage":"fi","potentialAction":[{"@type":"ReadAction","target":["https:\/\/ysse.ee\/fi\/ovet\/"]}]},{"@type":"ImageObject","inLanguage":"fi","@id":"https:\/\/ysse.ee\/fi\/ovet\/#primaryimage","url":"https:\/\/ysse.ee\/wp-content\/uploads\/2019\/05\/shutterstock_672741706-min.jpg","contentUrl":"https:\/\/ysse.ee\/wp-content\/uploads\/2019\/05\/shutterstock_672741706-min.jpg","width":1920,"height":1080},{"@type":"BreadcrumbList","@id":"https:\/\/ysse.ee\/fi\/ovet\/#breadcrumb","itemListElement":[{"@type":"ListItem","position":1,"name":"Home","item":"https:\/\/ysse.ee\/fi\/"},{"@type":"ListItem","position":2,"name":"Ovet"}]},{"@type":"WebSite","@id":"https:\/\/ysse.ee\/#website","url":"https:\/\/ysse.ee\/","name":"Ysse","description":"Just another WordPress site","publisher":{"@id":"https:\/\/ysse.ee\/#organization"},"potentialAction":[{"@type":"SearchAction","target":{"@type":"EntryPoint","urlTemplate":"https:\/\/ysse.ee\/?s={search_term_string}"},"query-input":{"@type":"PropertyValueSpecification","valueRequired":true,"valueName":"search_term_string"}}],"inLanguage":"fi"},{"@type":"Organization","@id":"https:\/\/ysse.ee\/#organization","name":"Ysse O\u00dc","url":"https:\/\/ysse.ee\/","logo":{"@type":"ImageObject","inLanguage":"fi","@id":"https:\/\/ysse.ee\/#\/schema\/logo\/image\/","url":"https:\/\/ysse.ee\/wp-content\/uploads\/2019\/05\/logo-1.svg","contentUrl":"https:\/\/ysse.ee\/wp-content\/uploads\/2019\/05\/logo-1.svg","width":1,"height":1,"caption":"Ysse O\u00dc"},"image":{"@id":"https:\/\/ysse.ee\/#\/schema\/logo\/image\/"}}]}},"coauthors":[],"author_meta":{"author_link":"https:\/\/ysse.ee\/fi\/author\/reaktiiv-ys\/","display_name":"reaktiiv-ys"},"relative_dates":{"created":"Posted 7 vuotta ago","modified":"Updated 6 vuotta ago"},"absolute_dates":{"created":"Posted on 03\/05\/2019","modified":"Updated on 07\/04\/2020"},"absolute_dates_time":{"created":"Posted on 03\/05\/2019 12:32","modified":"Updated on 07\/04\/2020 10:09"},"featured_img_caption":"","featured_img":"https:\/\/ysse.ee\/wp-content\/uploads\/2019\/05\/shutterstock_672741706-min.jpg","series_order":"","_links":{"self":[{"href":"https:\/\/ysse.ee\/fi\/wp-json\/wp\/v2\/pages\/1582","targetHints":{"allow":["GET"]}}],"collection":[{"href":"https:\/\/ysse.ee\/fi\/wp-json\/wp\/v2\/pages"}],"about":[{"href":"https:\/\/ysse.ee\/fi\/wp-json\/wp\/v2\/types\/page"}],"author":[{"embeddable":true,"href":"https:\/\/ysse.ee\/fi\/wp-json\/wp\/v2\/users\/2"}],"replies":[{"embeddable":true,"href":"https:\/\/ysse.ee\/fi\/wp-json\/wp\/v2\/comments?post=1582"}],"version-history":[{"count":4,"href":"https:\/\/ysse.ee\/fi\/wp-json\/wp\/v2\/pages\/1582\/revisions"}],"predecessor-version":[{"id":1820,"href":"https:\/\/ysse.ee\/fi\/wp-json\/wp\/v2\/pages\/1582\/revisions\/1820"}],"wp:featuredmedia":[{"embeddable":true,"href":"https:\/\/ysse.ee\/fi\/wp-json\/wp\/v2\/media\/108"}],"wp:attachment":[{"href":"https:\/\/ysse.ee\/fi\/wp-json\/wp\/v2\/media?parent=1582"}],"curies":[{"name":"wp","href":"https:\/\/api.w.org\/{rel}","templated":true}]}}