{"id":1580,"date":"2019-05-03T12:32:35","date_gmt":"2019-05-03T12:32:35","guid":{"rendered":"https:\/\/ysse.ee\/?page_id=1580"},"modified":"2020-04-07T10:20:51","modified_gmt":"2020-04-07T07:20:51","slug":"ikkunat","status":"publish","type":"page","link":"https:\/\/ysse.ee\/fi\/ikkunat\/","title":{"rendered":"Ikkunat"},"content":{"rendered":"\n<p>Ikkunat ovat rakennuksen julkisivun osia, jotka p\u00e4\u00e4st\u00e4v\u00e4t sis\u00e4\u00e4n valoa ja raikasta ilmaa.<\/p>\n\n\n\n<p>Yksipuitteiset 3-kertaisella lasielementill\u00e4 varustetut sis\u00e4\u00e4n aukeavat ikkunat valmistetaan sertifioidusta ja tarkastetusta m\u00e4nnyst\u00e4. Ikkunat valmistetaan mittatilaustuotteina asiakkaan haluaman v\u00e4riratkaisun mukaan.<\/p>\n\n\n\n<p>Sielulla valmistetut puuikkunat tekev\u00e4t kodista kauniin.<\/p>\n\n\n","protected":false},"excerpt":{"rendered":"Ikkunat ovat rakennuksen julkisivun osia, jotka p\u00e4\u00e4st\u00e4v\u00e4t sis\u00e4\u00e4n valoa ja raikasta ilmaa. Yksipuitteiset 3-kertaisella lasielementill\u00e4 varustetut sis\u00e4\u00e4n aukeavat ikkunat valmistetaan sertifioidusta ja tarkastetusta m\u00e4nnyst\u00e4. Ikkunat valmistetaan mittatilaustuotteina asiakkaan haluaman v\u00e4riratkaisun mukaan. Sielulla valmistetut puuikkunat tekev\u00e4t kodista kauniin.","protected":false},"author":2,"featured_media":106,"parent":0,"menu_order":0,"comment_status":"closed","ping_status":"closed","template":"page-templates\/template-products.php","meta":{"_acf_changed":false,"inline_featured_image":false,"advgb_blocks_editor_width":"","advgb_blocks_columns_visual_guide":"","footnotes":""},"class_list":["post-1580","page","type-page","status-publish","has-post-thumbnail","hentry"],"acf":[],"yoast_head":"<!-- This site is optimized with the Yoast SEO plugin v26.2 - https:\/\/yoast.com\/wordpress\/plugins\/seo\/ -->\n<title>Ikkunat - Ysse<\/title>\n<meta name=\"robots\" content=\"index, follow, max-snippet:-1, max-image-preview:large, max-video-preview:-1\" \/>\n<link rel=\"canonical\" href=\"https:\/\/ysse.ee\/fi\/ikkunat\/\" \/>\n<meta property=\"og:locale\" content=\"fi_FI\" \/>\n<meta property=\"og:type\" content=\"article\" \/>\n<meta property=\"og:title\" content=\"Ikkunat - Ysse\" \/>\n<meta property=\"og:description\" content=\"Ikkunat ovat rakennuksen julkisivun osia, jotka p\u00e4\u00e4st\u00e4v\u00e4t sis\u00e4\u00e4n valoa ja raikasta ilmaa. Yksipuitteiset 3-kertaisella lasielementill\u00e4 varustetut sis\u00e4\u00e4n aukeavat ikkunat valmistetaan sertifioidusta ja tarkastetusta m\u00e4nnyst\u00e4. Ikkunat valmistetaan mittatilaustuotteina asiakkaan haluaman v\u00e4riratkaisun mukaan. Sielulla valmistetut puuikkunat tekev\u00e4t kodista kauniin.\" \/>\n<meta property=\"og:url\" content=\"https:\/\/ysse.ee\/fi\/ikkunat\/\" \/>\n<meta property=\"og:site_name\" content=\"Ysse\" \/>\n<meta property=\"article:modified_time\" content=\"2020-04-07T07:20:51+00:00\" \/>\n<meta property=\"og:image\" content=\"https:\/\/ysse.ee\/wp-content\/uploads\/2019\/05\/shutterstock_604980344-min.jpg\" \/>\n\t<meta property=\"og:image:width\" content=\"1920\" \/>\n\t<meta property=\"og:image:height\" content=\"1080\" \/>\n\t<meta property=\"og:image:type\" content=\"image\/jpeg\" \/>\n<meta name=\"twitter:card\" content=\"summary_large_image\" \/>\n<script type=\"application\/ld+json\" class=\"yoast-schema-graph\">{\"@context\":\"https:\/\/schema.org\",\"@graph\":[{\"@type\":\"WebPage\",\"@id\":\"https:\/\/ysse.ee\/fi\/ikkunat\/\",\"url\":\"https:\/\/ysse.ee\/fi\/ikkunat\/\",\"name\":\"Ikkunat - Ysse\",\"isPartOf\":{\"@id\":\"https:\/\/ysse.ee\/#website\"},\"primaryImageOfPage\":{\"@id\":\"https:\/\/ysse.ee\/fi\/ikkunat\/#primaryimage\"},\"image\":{\"@id\":\"https:\/\/ysse.ee\/fi\/ikkunat\/#primaryimage\"},\"thumbnailUrl\":\"https:\/\/ysse.ee\/wp-content\/uploads\/2019\/05\/shutterstock_604980344-min.jpg\",\"datePublished\":\"2019-05-03T12:32:35+00:00\",\"dateModified\":\"2020-04-07T07:20:51+00:00\",\"breadcrumb\":{\"@id\":\"https:\/\/ysse.ee\/fi\/ikkunat\/#breadcrumb\"},\"inLanguage\":\"fi\",\"potentialAction\":[{\"@type\":\"ReadAction\",\"target\":[\"https:\/\/ysse.ee\/fi\/ikkunat\/\"]}]},{\"@type\":\"ImageObject\",\"inLanguage\":\"fi\",\"@id\":\"https:\/\/ysse.ee\/fi\/ikkunat\/#primaryimage\",\"url\":\"https:\/\/ysse.ee\/wp-content\/uploads\/2019\/05\/shutterstock_604980344-min.jpg\",\"contentUrl\":\"https:\/\/ysse.ee\/wp-content\/uploads\/2019\/05\/shutterstock_604980344-min.jpg\",\"width\":1920,\"height\":1080},{\"@type\":\"BreadcrumbList\",\"@id\":\"https:\/\/ysse.ee\/fi\/ikkunat\/#breadcrumb\",\"itemListElement\":[{\"@type\":\"ListItem\",\"position\":1,\"name\":\"Home\",\"item\":\"https:\/\/ysse.ee\/fi\/\"},{\"@type\":\"ListItem\",\"position\":2,\"name\":\"Ikkunat\"}]},{\"@type\":\"WebSite\",\"@id\":\"https:\/\/ysse.ee\/#website\",\"url\":\"https:\/\/ysse.ee\/\",\"name\":\"Ysse\",\"description\":\"Just another WordPress site\",\"publisher\":{\"@id\":\"https:\/\/ysse.ee\/#organization\"},\"potentialAction\":[{\"@type\":\"SearchAction\",\"target\":{\"@type\":\"EntryPoint\",\"urlTemplate\":\"https:\/\/ysse.ee\/?s={search_term_string}\"},\"query-input\":{\"@type\":\"PropertyValueSpecification\",\"valueRequired\":true,\"valueName\":\"search_term_string\"}}],\"inLanguage\":\"fi\"},{\"@type\":\"Organization\",\"@id\":\"https:\/\/ysse.ee\/#organization\",\"name\":\"Ysse O\u00dc\",\"url\":\"https:\/\/ysse.ee\/\",\"logo\":{\"@type\":\"ImageObject\",\"inLanguage\":\"fi\",\"@id\":\"https:\/\/ysse.ee\/#\/schema\/logo\/image\/\",\"url\":\"https:\/\/ysse.ee\/wp-content\/uploads\/2019\/05\/logo-1.svg\",\"contentUrl\":\"https:\/\/ysse.ee\/wp-content\/uploads\/2019\/05\/logo-1.svg\",\"width\":1,\"height\":1,\"caption\":\"Ysse O\u00dc\"},\"image\":{\"@id\":\"https:\/\/ysse.ee\/#\/schema\/logo\/image\/\"}}]}<\/script>\n<!-- \/ Yoast SEO plugin. -->","yoast_head_json":{"title":"Ikkunat - Ysse","robots":{"index":"index","follow":"follow","max-snippet":"max-snippet:-1","max-image-preview":"max-image-preview:large","max-video-preview":"max-video-preview:-1"},"canonical":"https:\/\/ysse.ee\/fi\/ikkunat\/","og_locale":"fi_FI","og_type":"article","og_title":"Ikkunat - Ysse","og_description":"Ikkunat ovat rakennuksen julkisivun osia, jotka p\u00e4\u00e4st\u00e4v\u00e4t sis\u00e4\u00e4n valoa ja raikasta ilmaa. Yksipuitteiset 3-kertaisella lasielementill\u00e4 varustetut sis\u00e4\u00e4n aukeavat ikkunat valmistetaan sertifioidusta ja tarkastetusta m\u00e4nnyst\u00e4. Ikkunat valmistetaan mittatilaustuotteina asiakkaan haluaman v\u00e4riratkaisun mukaan. Sielulla valmistetut puuikkunat tekev\u00e4t kodista kauniin.","og_url":"https:\/\/ysse.ee\/fi\/ikkunat\/","og_site_name":"Ysse","article_modified_time":"2020-04-07T07:20:51+00:00","og_image":[{"width":1920,"height":1080,"url":"https:\/\/ysse.ee\/wp-content\/uploads\/2019\/05\/shutterstock_604980344-min.jpg","type":"image\/jpeg"}],"twitter_card":"summary_large_image","schema":{"@context":"https:\/\/schema.org","@graph":[{"@type":"WebPage","@id":"https:\/\/ysse.ee\/fi\/ikkunat\/","url":"https:\/\/ysse.ee\/fi\/ikkunat\/","name":"Ikkunat - Ysse","isPartOf":{"@id":"https:\/\/ysse.ee\/#website"},"primaryImageOfPage":{"@id":"https:\/\/ysse.ee\/fi\/ikkunat\/#primaryimage"},"image":{"@id":"https:\/\/ysse.ee\/fi\/ikkunat\/#primaryimage"},"thumbnailUrl":"https:\/\/ysse.ee\/wp-content\/uploads\/2019\/05\/shutterstock_604980344-min.jpg","datePublished":"2019-05-03T12:32:35+00:00","dateModified":"2020-04-07T07:20:51+00:00","breadcrumb":{"@id":"https:\/\/ysse.ee\/fi\/ikkunat\/#breadcrumb"},"inLanguage":"fi","potentialAction":[{"@type":"ReadAction","target":["https:\/\/ysse.ee\/fi\/ikkunat\/"]}]},{"@type":"ImageObject","inLanguage":"fi","@id":"https:\/\/ysse.ee\/fi\/ikkunat\/#primaryimage","url":"https:\/\/ysse.ee\/wp-content\/uploads\/2019\/05\/shutterstock_604980344-min.jpg","contentUrl":"https:\/\/ysse.ee\/wp-content\/uploads\/2019\/05\/shutterstock_604980344-min.jpg","width":1920,"height":1080},{"@type":"BreadcrumbList","@id":"https:\/\/ysse.ee\/fi\/ikkunat\/#breadcrumb","itemListElement":[{"@type":"ListItem","position":1,"name":"Home","item":"https:\/\/ysse.ee\/fi\/"},{"@type":"ListItem","position":2,"name":"Ikkunat"}]},{"@type":"WebSite","@id":"https:\/\/ysse.ee\/#website","url":"https:\/\/ysse.ee\/","name":"Ysse","description":"Just another WordPress site","publisher":{"@id":"https:\/\/ysse.ee\/#organization"},"potentialAction":[{"@type":"SearchAction","target":{"@type":"EntryPoint","urlTemplate":"https:\/\/ysse.ee\/?s={search_term_string}"},"query-input":{"@type":"PropertyValueSpecification","valueRequired":true,"valueName":"search_term_string"}}],"inLanguage":"fi"},{"@type":"Organization","@id":"https:\/\/ysse.ee\/#organization","name":"Ysse O\u00dc","url":"https:\/\/ysse.ee\/","logo":{"@type":"ImageObject","inLanguage":"fi","@id":"https:\/\/ysse.ee\/#\/schema\/logo\/image\/","url":"https:\/\/ysse.ee\/wp-content\/uploads\/2019\/05\/logo-1.svg","contentUrl":"https:\/\/ysse.ee\/wp-content\/uploads\/2019\/05\/logo-1.svg","width":1,"height":1,"caption":"Ysse O\u00dc"},"image":{"@id":"https:\/\/ysse.ee\/#\/schema\/logo\/image\/"}}]}},"coauthors":[],"author_meta":{"author_link":"https:\/\/ysse.ee\/fi\/author\/reaktiiv-ys\/","display_name":"reaktiiv-ys"},"relative_dates":{"created":"Posted 7 vuotta ago","modified":"Updated 6 vuotta ago"},"absolute_dates":{"created":"Posted on 03\/05\/2019","modified":"Updated on 07\/04\/2020"},"absolute_dates_time":{"created":"Posted on 03\/05\/2019 12:32","modified":"Updated on 07\/04\/2020 10:20"},"featured_img_caption":"","featured_img":"https:\/\/ysse.ee\/wp-content\/uploads\/2019\/05\/shutterstock_604980344-min.jpg","series_order":"","_links":{"self":[{"href":"https:\/\/ysse.ee\/fi\/wp-json\/wp\/v2\/pages\/1580","targetHints":{"allow":["GET"]}}],"collection":[{"href":"https:\/\/ysse.ee\/fi\/wp-json\/wp\/v2\/pages"}],"about":[{"href":"https:\/\/ysse.ee\/fi\/wp-json\/wp\/v2\/types\/page"}],"author":[{"embeddable":true,"href":"https:\/\/ysse.ee\/fi\/wp-json\/wp\/v2\/users\/2"}],"replies":[{"embeddable":true,"href":"https:\/\/ysse.ee\/fi\/wp-json\/wp\/v2\/comments?post=1580"}],"version-history":[{"count":4,"href":"https:\/\/ysse.ee\/fi\/wp-json\/wp\/v2\/pages\/1580\/revisions"}],"predecessor-version":[{"id":1822,"href":"https:\/\/ysse.ee\/fi\/wp-json\/wp\/v2\/pages\/1580\/revisions\/1822"}],"wp:featuredmedia":[{"embeddable":true,"href":"https:\/\/ysse.ee\/fi\/wp-json\/wp\/v2\/media\/106"}],"wp:attachment":[{"href":"https:\/\/ysse.ee\/fi\/wp-json\/wp\/v2\/media?parent=1580"}],"curies":[{"name":"wp","href":"https:\/\/api.w.org\/{rel}","templated":true}]}}