{"id":1561,"date":"2020-02-15T22:13:06","date_gmt":"2020-02-15T20:13:06","guid":{"rendered":"https:\/\/ysse.ee\/?page_id=1561"},"modified":"2020-04-07T15:42:50","modified_gmt":"2020-04-07T12:42:50","slug":"tietosuojaseloste","status":"publish","type":"page","link":"https:\/\/ysse.ee\/fi\/tietosuojaseloste\/","title":{"rendered":"Tietosuojaseloste"},"content":{"rendered":"\n<h6><strong>Rekisterinpit\u00e4j\u00e4<\/strong><br \/><br \/>Ysse O\u00dc<br \/><br \/>reg.nr.: 12812648<br \/><br \/>T\u00f6\u00f6koja, \u00dcsse k\u00fcla, Ridala vald, L\u00e4\u00e4nemaa 90461<br \/><br \/>info@ysse.ee<br \/><br \/>Henkil\u00f6tiedot ovat tietoja, joita ker\u00e4\u00e4mme palvelun tarjoamiseksi, henkil\u00f6n tunnistamiseksi, henkil\u00f6\u00f6n yhteyden ottamiseksi palvelun tarjoamista varten tai ongelmien ratkaisemiseksi. Emme k\u00e4sittele EUROOPAN PARLAMENTIN JA NEUVOSTON ASETUKSESSA (EU) 2016\/679 (englanniksi General Data Protection Regulation eli GDPR tai EU Regulation 2016\/679) tarkoitettuja arkaluonteisia henkil\u00f6tietoja.<br \/><br \/><strong>K\u00e4sitteet<\/strong><br \/><br \/>Rekisterinpit\u00e4j\u00e4 on luonnollinen henkil\u00f6 tai oikeushenkil\u00f6, viranomainen, virasto tai muu elin, joka m\u00e4\u00e4rittelee henkil\u00f6tietojen k\u00e4sittelyn tarkoitukset ja keinot<br \/><br \/>Henkil\u00f6tietojen k\u00e4sittelij\u00e4 on luonnollinen henkil\u00f6 tai oikeushenkil\u00f6, viranomainen, virasto tai muu elin, joka k\u00e4sittelee henkil\u00f6tietoja rekisterinpit\u00e4j\u00e4n lukuun;<br \/><br \/>Henkil\u00f6tiedot ovat kaikkia tunnistettuun tai tunnistettavissa olevaan luonnolliseen henkil\u00f6\u00f6n (j\u00e4ljemp\u00e4n\u00e4 \u201drekister\u00f6ity\u201d) liittyvi\u00e4 tietoja; tunnistettavissa olevana pidet\u00e4\u00e4n luonnollista henkil\u00f6\u00e4, joka voidaan suoraan tai ep\u00e4suorasti tunnistaa erityisesti tunnistetietojen, kuten nimen, henkil\u00f6tunnuksen, sijaintitiedon, verkkotunnistetietojen taikka yhden tai useamman h\u00e4nelle tunnusomaisen fyysisen, fysiologisen, geneettisen, psyykkisen, taloudellisen, kulttuurillisen tai sosiaalisen tekij\u00e4n perusteella;<br \/><br \/>K\u00e4sittely on toiminto tai toiminnot, joita kohdistetaan henkil\u00f6tietoihin tai henkil\u00f6tietoja sis\u00e4lt\u00e4viin tietojoukkoihin joko automaattista tietojenk\u00e4sittely\u00e4 k\u00e4ytt\u00e4en tai manuaalisesti, kuten tietojen ker\u00e4\u00e4minen, tallentaminen, j\u00e4rjest\u00e4minen, j\u00e4sent\u00e4minen, s\u00e4ilytt\u00e4minen, muokkaaminen tai muuttaminen, haku, kysely, k\u00e4ytt\u00f6, tietojen luovuttaminen siirt\u00e4m\u00e4ll\u00e4, levitt\u00e4m\u00e4ll\u00e4 tai asettamalla ne muutoin saataville, tietojen yhteensovittaminen tai yhdist\u00e4minen, rajoittaminen, poistaminen tai tuhoaminen;<br \/><br \/>Ev\u00e4ste (cookie) on pieni tekstitiedosto, jonka verkkosivumme tallentavat tietokoneellesi tai \u00e4lylaitteellesi, kun k\u00e4yt verkkosivuillamme. Se mahdollistaa mieltymyksi\u00e4si koskevan tiedon tallentamisen, joten sinun ei tarvitse n\u00e4ill\u00e4 verkkosivuilla taas k\u00e4ydess\u00e4si tai verkkosivuja selatessasi tehd\u00e4 uudelleen valintoja.<br \/><br \/><strong>Mit\u00e4 henkil\u00f6tietoja ker\u00e4\u00e4mme ja mihin tarkoitukseen?<\/strong><br \/><br \/>Ysse O\u00dc ker\u00e4\u00e4 seuraavia tietoja:<br \/><br \/>&#8211; henkil\u00f6n etu- ja sukunimi <br \/><br \/>&#8211; yrityksen nimi<br \/><br \/>&#8211; osoite ja\/tai tavaran toimitusosoite<br \/><br \/>&#8211; puhelinnumero<br \/><br \/>&#8211; s\u00e4hk\u00f6postiosoite<br \/><br \/>&#8211; pankkitilin numero<br \/><br \/>&#8211; tiedot asiakkaan tekemist\u00e4 ostoksista ja asiakkaan kanssa tehdyist\u00e4 sopimuksista<br \/><br \/>Jos haluat saada verkkosivujen kautta lis\u00e4\u00e4 tietoa jostakin palvelusta, ker\u00e4\u00e4mme ja k\u00e4sittelemme seuraavia henkil\u00f6tietoja: nimesi ja s\u00e4hk\u00f6postiosoitteesi. Kyselyj\u00e4 voi tehd\u00e4 my\u00f6s t\u00e4ytt\u00e4m\u00e4ll\u00e4 asianmukaisen yhteydenottolomakkeen tai l\u00e4hett\u00e4m\u00e4ll\u00e4 s\u00e4hk\u00f6postia osoitteeseen info@ysse.ee. Tarjousta valmistellessamme hy\u00f6dynn\u00e4mme my\u00f6s luottotietokyselyst\u00e4 saatuja tietoja yrityksest\u00e4.<br \/><br \/>K\u00e4sittely on lainmukaista, koska se on tarpeen sellaisen sopimuksen t\u00e4yt\u00e4nt\u00f6\u00f6n panemiseksi, jossa rekister\u00f6ity on osapuolena, tai sopimuksen tekemist\u00e4 edelt\u00e4vien toimenpiteiden toteuttamiseksi rekister\u00f6idyn pyynn\u00f6st\u00e4 (GDPR:n 6 artiklan 1 kohdan b alakohta).<br \/><br \/><strong>Verkkosivujen selailun tilastot<\/strong><br \/><br \/>Verkkosivuilla k\u00e4yvist\u00e4 ker\u00e4t\u00e4\u00e4n teknisi\u00e4 tietoja, jotka eiv\u00e4t ole henkil\u00f6tietoja.<br \/><br \/>Sellaisina teknisin\u00e4 tietoina ovat vain k\u00e4ytett\u00e4v\u00e4n tietokoneen tai tietokoneverkon IP-osoite, selaimen ja k\u00e4ytt\u00f6j\u00e4rjestelm\u00e4n versio, k\u00e4ynnin ajankohta (kellonaika, p\u00e4iv\u00e4m\u00e4\u00e4r\u00e4, vuosi) ja paikka. IP-osoitteita ei yhdistet\u00e4 sellaisiin tietoihin, joista henkil\u00f6 on tunnistettavissa.<br \/><br \/>Edell\u00e4 mainittujen tietojen ker\u00e4\u00e4miseen k\u00e4yt\u00e4mme Google Analytics -nimist\u00e4 automatisoitua ty\u00f6kalua. Jos et halua toimittaa itsest\u00e4si kyseisi\u00e4 tietoja, voit milloin tahansa kielt\u00e4\u00e4 Google Analyticsin suorittaman tiedonkeruun, mist\u00e4 voi lukea t\u00e4st\u00e4.<br \/><br \/><strong>Ev\u00e4steet<\/strong><br \/><br \/>Verkkosivumme k\u00e4ytt\u00e4v\u00e4t ev\u00e4steit\u00e4 parantamaan tarjottavien palvelujen laatua. K\u00e4yt\u00e4mme istuntokohtaisia ev\u00e4steit\u00e4, pysyvi\u00e4 ev\u00e4steit\u00e4 ja kolmannen osapuolen (Google Analytics, Facebook) ev\u00e4steit\u00e4 seuraaviin tarkoituksiin:<br \/><br \/>Uusien ja entisten asiakkaiden tunnistus.<br \/><br \/>Asiakkaan mieltymysten muistaminen (kieli, v\u00e4rien kontrastit, kirjasinkoko tms.)<br \/><br \/>Sen muistaminen, oletko hyv\u00e4ksynyt ev\u00e4steet kyseisell\u00e4 sivulla vai et.<br \/><br \/>Luotettavan tiedon keruu verkkosivuilla k\u00e4ymisest\u00e4, mink\u00e4 ansiosta voimme mitata, kuinka hyvin verkkosivut t\u00e4ytt\u00e4v\u00e4t k\u00e4ytt\u00e4jien tarpeet, ja tehd\u00e4 mahdollisia parannuksia.<br \/><br \/>Ev\u00e4steiden salliminen ei ole verkkosivujen perustoimintojen toimimisen kannalta v\u00e4ltt\u00e4m\u00e4t\u00f6nt\u00e4, mutta se parantaa selailukokemusta. Halutessasi voit aina poistaa tai est\u00e4\u00e4 ev\u00e4steet, mutta silloin verkkosivujen jotkin toiminnot eiv\u00e4t v\u00e4ltt\u00e4m\u00e4tt\u00e4 toimi haluamallasi tavalla.<br \/><br \/>Huomaa, ett\u00e4 jotkin ev\u00e4steet ovat per\u00e4isin kolmantena osapuolena olevalta palveluntarjoajalta, joka hoitaa jotakin teht\u00e4v\u00e4\u00e4 meid\u00e4n sijaan.<br \/><br \/>Ev\u00e4steisiin liittyv\u00e4\u00e4 tietoa ei k\u00e4ytet\u00e4 henkil\u00f6si tunnistukseen ja ker\u00e4tyt tiedot ovat hallinnassamme. Ev\u00e4steit\u00e4 ei k\u00e4ytet\u00e4 muihin tarkoituksiin kuin edell\u00e4 mainittuihin.<br \/><br \/><strong>Kuinka kauan s\u00e4ilyt\u00e4mme tietoja?<\/strong><br \/><br \/>Verkkosivuilla ker\u00e4ttyj\u00e4 teknisi\u00e4 tietoja, jotka eiv\u00e4t ole henkil\u00f6tietoja, s\u00e4ilytet\u00e4\u00e4n toistaiseksi.<br \/><br \/>Henkil\u00f6- ja asiakastietoja s\u00e4ilyt\u00e4mme niin kauan, kuin se on tarpeen:<br \/><br \/>&#8211; palvelujen ja tietojen toimittamiseen<br \/><br \/>&#8211; tehtyj\u00e4 kyselyj\u00e4 koskevaan viestint\u00e4\u00e4n<br \/><br \/>&#8211; valintojen ja oikeuksien k\u00e4yt\u00f6n turvaamiseen<br \/><br \/><strong>Henkil\u00f6tietojen jakaminen<\/strong><br \/><br \/>Voimme saattaa henkil\u00f6tietosi, asiakastietosi tai liiketoimintaasi koskevat tiedot sellaisten yritysten ulottuville, jotka tarjoavat liiketoimintaamme tukevia palveluja, kuten verkkosivujen analyytikot tai asiakaspalvelun tarjoajat. N\u00e4m\u00e4 yritykset on valtuutettu k\u00e4ytt\u00e4m\u00e4\u00e4n henkil\u00f6tietoja, asiakastietoja tai liiketoimintaa koskevia tietoja ainoastaan voidakseen tarjota meille palveluja. Valitsemme vain sellaisia palveluntarjoajia, jotka sijaitsevat Euroopan talousalueella.<br \/><br \/>Jaamme henkil\u00f6tietojasi, asiakastietojasi tai liiketoimintaasi koskevia tietoja kolmansille osapuolille vain t\u00e4ss\u00e4 tietosuojaselosteessa mainitulla tavalla. Emme myy henkil\u00f6tietojasi kolmansille osapuolille.<br \/><br \/><strong>Oikeudet<\/strong><br \/><br \/>Tietyiss\u00e4 tapauksissa sinulla on oikeus pyyt\u00e4\u00e4 henkil\u00f6tietojesi k\u00e4sittelyn rajoittamista ja oikeus vastustaa henkil\u00f6tietojesi k\u00e4sittely\u00e4.<br \/><br \/>Jos olet sit\u00e4 mielt\u00e4, ett\u00e4 tietojasi on k\u00e4ytetty v\u00e4\u00e4rin, ota yhteytt\u00e4 rekisterinpit\u00e4j\u00e4\u00e4n. Voit valittaa my\u00f6s sen maan tietosuojaviranomaiselle, jossa sijaitsee vakinainen asuinpaikkasi.<br \/><br \/><strong>Henkil\u00f6tietojen k\u00e4sittelyyn annetun suostumuksen peruuttaminen<\/strong><br \/><br \/>Jos haluat ns. tulla unohdetuksi, ilmoitathan siit\u00e4 l\u00e4hett\u00e4m\u00e4ll\u00e4 s\u00e4hk\u00f6postia osoitteeseen info@ysse.ee. Hakemuksesi perusteella poistamme tietoj\u00e4rjestelmist\u00e4mme kyselyysi tai kyselyihisi liittyv\u00e4t tiedot.<\/h6>\n","protected":false},"excerpt":{"rendered":"Rekisterinpit\u00e4j\u00e4 Ysse O\u00dc reg.nr.: 12812648 T\u00f6\u00f6koja, \u00dcsse k\u00fcla, Ridala vald, L\u00e4\u00e4nemaa 90461 info@ysse.ee Henkil\u00f6tiedot ovat tietoja, joita ker\u00e4\u00e4mme palvelun tarjoamiseksi, henkil\u00f6n tunnistamiseksi, henkil\u00f6\u00f6n yhteyden ottamiseksi palvelun tarjoamista varten tai ongelmien ratkaisemiseksi. Emme k\u00e4sittele EUROOPAN PARLAMENTIN JA NEUVOSTON ASETUKSESSA (EU) 2016\/679 (englanniksi General Data Protection Regulation eli GDPR tai EU Regulation 2016\/679) tarkoitettuja arkaluonteisia henkil\u00f6tietoja. K\u00e4sitteet [&hellip;]","protected":false},"author":3,"featured_media":0,"parent":0,"menu_order":0,"comment_status":"closed","ping_status":"closed","template":"","meta":{"_acf_changed":false,"inline_featured_image":false,"advgb_blocks_editor_width":"","advgb_blocks_columns_visual_guide":"","footnotes":""},"class_list":["post-1561","page","type-page","status-publish","hentry"],"acf":[],"yoast_head":"<!-- This site is optimized with the Yoast SEO plugin v26.2 - https:\/\/yoast.com\/wordpress\/plugins\/seo\/ -->\n<title>Tietosuojaseloste - Ysse<\/title>\n<meta name=\"robots\" content=\"index, follow, max-snippet:-1, max-image-preview:large, max-video-preview:-1\" \/>\n<link rel=\"canonical\" href=\"https:\/\/ysse.ee\/fi\/tietosuojaseloste\/\" \/>\n<meta property=\"og:locale\" content=\"fi_FI\" \/>\n<meta property=\"og:type\" content=\"article\" \/>\n<meta property=\"og:title\" content=\"Tietosuojaseloste - Ysse\" \/>\n<meta property=\"og:description\" content=\"Rekisterinpit\u00e4j\u00e4 Ysse O\u00dc reg.nr.: 12812648 T\u00f6\u00f6koja, \u00dcsse k\u00fcla, Ridala vald, L\u00e4\u00e4nemaa 90461 info@ysse.ee Henkil\u00f6tiedot ovat tietoja, joita ker\u00e4\u00e4mme palvelun tarjoamiseksi, henkil\u00f6n tunnistamiseksi, henkil\u00f6\u00f6n yhteyden ottamiseksi palvelun tarjoamista varten tai ongelmien ratkaisemiseksi. Emme k\u00e4sittele EUROOPAN PARLAMENTIN JA NEUVOSTON ASETUKSESSA (EU) 2016\/679 (englanniksi General Data Protection Regulation eli GDPR tai EU Regulation 2016\/679) tarkoitettuja arkaluonteisia henkil\u00f6tietoja. K\u00e4sitteet [&hellip;]\" \/>\n<meta property=\"og:url\" content=\"https:\/\/ysse.ee\/fi\/tietosuojaseloste\/\" \/>\n<meta property=\"og:site_name\" content=\"Ysse\" \/>\n<meta property=\"article:modified_time\" content=\"2020-04-07T12:42:50+00:00\" \/>\n<meta name=\"twitter:card\" content=\"summary_large_image\" \/>\n<meta name=\"twitter:label1\" content=\"Arvioitu lukuaika\" \/>\n\t<meta name=\"twitter:data1\" content=\"4 minuuttia\" \/>\n<script type=\"application\/ld+json\" class=\"yoast-schema-graph\">{\"@context\":\"https:\/\/schema.org\",\"@graph\":[{\"@type\":\"WebPage\",\"@id\":\"https:\/\/ysse.ee\/fi\/tietosuojaseloste\/\",\"url\":\"https:\/\/ysse.ee\/fi\/tietosuojaseloste\/\",\"name\":\"Tietosuojaseloste - Ysse\",\"isPartOf\":{\"@id\":\"https:\/\/ysse.ee\/#website\"},\"datePublished\":\"2020-02-15T20:13:06+00:00\",\"dateModified\":\"2020-04-07T12:42:50+00:00\",\"breadcrumb\":{\"@id\":\"https:\/\/ysse.ee\/fi\/tietosuojaseloste\/#breadcrumb\"},\"inLanguage\":\"fi\",\"potentialAction\":[{\"@type\":\"ReadAction\",\"target\":[\"https:\/\/ysse.ee\/fi\/tietosuojaseloste\/\"]}]},{\"@type\":\"BreadcrumbList\",\"@id\":\"https:\/\/ysse.ee\/fi\/tietosuojaseloste\/#breadcrumb\",\"itemListElement\":[{\"@type\":\"ListItem\",\"position\":1,\"name\":\"Home\",\"item\":\"https:\/\/ysse.ee\/fi\/\"},{\"@type\":\"ListItem\",\"position\":2,\"name\":\"Tietosuojaseloste\"}]},{\"@type\":\"WebSite\",\"@id\":\"https:\/\/ysse.ee\/#website\",\"url\":\"https:\/\/ysse.ee\/\",\"name\":\"Ysse\",\"description\":\"Just another WordPress site\",\"publisher\":{\"@id\":\"https:\/\/ysse.ee\/#organization\"},\"potentialAction\":[{\"@type\":\"SearchAction\",\"target\":{\"@type\":\"EntryPoint\",\"urlTemplate\":\"https:\/\/ysse.ee\/?s={search_term_string}\"},\"query-input\":{\"@type\":\"PropertyValueSpecification\",\"valueRequired\":true,\"valueName\":\"search_term_string\"}}],\"inLanguage\":\"fi\"},{\"@type\":\"Organization\",\"@id\":\"https:\/\/ysse.ee\/#organization\",\"name\":\"Ysse O\u00dc\",\"url\":\"https:\/\/ysse.ee\/\",\"logo\":{\"@type\":\"ImageObject\",\"inLanguage\":\"fi\",\"@id\":\"https:\/\/ysse.ee\/#\/schema\/logo\/image\/\",\"url\":\"https:\/\/ysse.ee\/wp-content\/uploads\/2019\/05\/logo-1.svg\",\"contentUrl\":\"https:\/\/ysse.ee\/wp-content\/uploads\/2019\/05\/logo-1.svg\",\"width\":1,\"height\":1,\"caption\":\"Ysse O\u00dc\"},\"image\":{\"@id\":\"https:\/\/ysse.ee\/#\/schema\/logo\/image\/\"}}]}<\/script>\n<!-- \/ Yoast SEO plugin. -->","yoast_head_json":{"title":"Tietosuojaseloste - Ysse","robots":{"index":"index","follow":"follow","max-snippet":"max-snippet:-1","max-image-preview":"max-image-preview:large","max-video-preview":"max-video-preview:-1"},"canonical":"https:\/\/ysse.ee\/fi\/tietosuojaseloste\/","og_locale":"fi_FI","og_type":"article","og_title":"Tietosuojaseloste - Ysse","og_description":"Rekisterinpit\u00e4j\u00e4 Ysse O\u00dc reg.nr.: 12812648 T\u00f6\u00f6koja, \u00dcsse k\u00fcla, Ridala vald, L\u00e4\u00e4nemaa 90461 info@ysse.ee Henkil\u00f6tiedot ovat tietoja, joita ker\u00e4\u00e4mme palvelun tarjoamiseksi, henkil\u00f6n tunnistamiseksi, henkil\u00f6\u00f6n yhteyden ottamiseksi palvelun tarjoamista varten tai ongelmien ratkaisemiseksi. Emme k\u00e4sittele EUROOPAN PARLAMENTIN JA NEUVOSTON ASETUKSESSA (EU) 2016\/679 (englanniksi General Data Protection Regulation eli GDPR tai EU Regulation 2016\/679) tarkoitettuja arkaluonteisia henkil\u00f6tietoja. K\u00e4sitteet [&hellip;]","og_url":"https:\/\/ysse.ee\/fi\/tietosuojaseloste\/","og_site_name":"Ysse","article_modified_time":"2020-04-07T12:42:50+00:00","twitter_card":"summary_large_image","twitter_misc":{"Arvioitu lukuaika":"4 minuuttia"},"schema":{"@context":"https:\/\/schema.org","@graph":[{"@type":"WebPage","@id":"https:\/\/ysse.ee\/fi\/tietosuojaseloste\/","url":"https:\/\/ysse.ee\/fi\/tietosuojaseloste\/","name":"Tietosuojaseloste - Ysse","isPartOf":{"@id":"https:\/\/ysse.ee\/#website"},"datePublished":"2020-02-15T20:13:06+00:00","dateModified":"2020-04-07T12:42:50+00:00","breadcrumb":{"@id":"https:\/\/ysse.ee\/fi\/tietosuojaseloste\/#breadcrumb"},"inLanguage":"fi","potentialAction":[{"@type":"ReadAction","target":["https:\/\/ysse.ee\/fi\/tietosuojaseloste\/"]}]},{"@type":"BreadcrumbList","@id":"https:\/\/ysse.ee\/fi\/tietosuojaseloste\/#breadcrumb","itemListElement":[{"@type":"ListItem","position":1,"name":"Home","item":"https:\/\/ysse.ee\/fi\/"},{"@type":"ListItem","position":2,"name":"Tietosuojaseloste"}]},{"@type":"WebSite","@id":"https:\/\/ysse.ee\/#website","url":"https:\/\/ysse.ee\/","name":"Ysse","description":"Just another WordPress site","publisher":{"@id":"https:\/\/ysse.ee\/#organization"},"potentialAction":[{"@type":"SearchAction","target":{"@type":"EntryPoint","urlTemplate":"https:\/\/ysse.ee\/?s={search_term_string}"},"query-input":{"@type":"PropertyValueSpecification","valueRequired":true,"valueName":"search_term_string"}}],"inLanguage":"fi"},{"@type":"Organization","@id":"https:\/\/ysse.ee\/#organization","name":"Ysse O\u00dc","url":"https:\/\/ysse.ee\/","logo":{"@type":"ImageObject","inLanguage":"fi","@id":"https:\/\/ysse.ee\/#\/schema\/logo\/image\/","url":"https:\/\/ysse.ee\/wp-content\/uploads\/2019\/05\/logo-1.svg","contentUrl":"https:\/\/ysse.ee\/wp-content\/uploads\/2019\/05\/logo-1.svg","width":1,"height":1,"caption":"Ysse O\u00dc"},"image":{"@id":"https:\/\/ysse.ee\/#\/schema\/logo\/image\/"}}]}},"coauthors":[],"author_meta":{"author_link":"https:\/\/ysse.ee\/fi\/author\/rainer\/","display_name":"rainer"},"relative_dates":{"created":"Posted 6 vuotta ago","modified":"Updated 6 vuotta ago"},"absolute_dates":{"created":"Posted on 15\/02\/2020","modified":"Updated on 07\/04\/2020"},"absolute_dates_time":{"created":"Posted on 15\/02\/2020 22:13","modified":"Updated on 07\/04\/2020 15:42"},"featured_img_caption":"","featured_img":false,"series_order":"","_links":{"self":[{"href":"https:\/\/ysse.ee\/fi\/wp-json\/wp\/v2\/pages\/1561","targetHints":{"allow":["GET"]}}],"collection":[{"href":"https:\/\/ysse.ee\/fi\/wp-json\/wp\/v2\/pages"}],"about":[{"href":"https:\/\/ysse.ee\/fi\/wp-json\/wp\/v2\/types\/page"}],"author":[{"embeddable":true,"href":"https:\/\/ysse.ee\/fi\/wp-json\/wp\/v2\/users\/3"}],"replies":[{"embeddable":true,"href":"https:\/\/ysse.ee\/fi\/wp-json\/wp\/v2\/comments?post=1561"}],"version-history":[{"count":8,"href":"https:\/\/ysse.ee\/fi\/wp-json\/wp\/v2\/pages\/1561\/revisions"}],"predecessor-version":[{"id":1951,"href":"https:\/\/ysse.ee\/fi\/wp-json\/wp\/v2\/pages\/1561\/revisions\/1951"}],"wp:attachment":[{"href":"https:\/\/ysse.ee\/fi\/wp-json\/wp\/v2\/media?parent=1561"}],"curies":[{"name":"wp","href":"https:\/\/api.w.org\/{rel}","templated":true}]}}