{"id":1089,"date":"2019-05-03T12:33:12","date_gmt":"2019-05-03T12:33:12","guid":{"rendered":"https:\/\/ysse.ee\/kontakt\/"},"modified":"2020-04-07T15:20:34","modified_gmt":"2020-04-07T12:20:34","slug":"yhteystiedot","status":"publish","type":"page","link":"https:\/\/ysse.ee\/fi\/yhteystiedot\/","title":{"rendered":"Yhteystiedot"},"content":{"rendered":"\n<h2 class=\"wp-block-heading\">Ysse O\u00dc<\/h2>\n\n\n\n<p>T\u00f6\u00f6koja, \u00dcsse k\u00fcla, Ridala vald, L\u00e4\u00e4nemaa 90461<br><a href=\"mailto:info@ysse.ee\">info@ysse.ee<\/a><\/p>\n\n\n\n<p>Virolainen yritystunnus: 12812648<br>Alv-tunniste: EE101900368<br>LHV Pank: EE227700771001743925; BIC: LHVBEE22<\/p>\n","protected":false},"excerpt":{"rendered":"Ysse O\u00dc T\u00f6\u00f6koja, \u00dcsse k\u00fcla, Ridala vald, L\u00e4\u00e4nemaa 90461info@ysse.ee Virolainen yritystunnus: 12812648Alv-tunniste: EE101900368LHV Pank: EE227700771001743925; BIC: LHVBEE22","protected":false},"author":2,"featured_media":0,"parent":0,"menu_order":0,"comment_status":"closed","ping_status":"closed","template":"page-templates\/template-contact.php","meta":{"_acf_changed":false,"inline_featured_image":false,"advgb_blocks_editor_width":"","advgb_blocks_columns_visual_guide":"","footnotes":""},"class_list":["post-1089","page","type-page","status-publish","hentry"],"acf":[],"yoast_head":"<!-- This site is optimized with the Yoast SEO plugin v26.2 - https:\/\/yoast.com\/wordpress\/plugins\/seo\/ -->\n<title>Yhteystiedot - Ysse<\/title>\n<meta name=\"robots\" content=\"index, follow, max-snippet:-1, max-image-preview:large, max-video-preview:-1\" \/>\n<link rel=\"canonical\" href=\"https:\/\/ysse.ee\/fi\/yhteystiedot\/\" \/>\n<meta property=\"og:locale\" content=\"fi_FI\" \/>\n<meta property=\"og:type\" content=\"article\" \/>\n<meta property=\"og:title\" content=\"Yhteystiedot - Ysse\" \/>\n<meta property=\"og:description\" content=\"Ysse O\u00dc T\u00f6\u00f6koja, \u00dcsse k\u00fcla, Ridala vald, L\u00e4\u00e4nemaa 90461info@ysse.ee Virolainen yritystunnus: 12812648Alv-tunniste: EE101900368LHV Pank: EE227700771001743925; BIC: LHVBEE22\" \/>\n<meta property=\"og:url\" content=\"https:\/\/ysse.ee\/fi\/yhteystiedot\/\" \/>\n<meta property=\"og:site_name\" content=\"Ysse\" \/>\n<meta property=\"article:modified_time\" content=\"2020-04-07T12:20:34+00:00\" \/>\n<meta name=\"twitter:card\" content=\"summary_large_image\" \/>\n<script type=\"application\/ld+json\" class=\"yoast-schema-graph\">{\"@context\":\"https:\/\/schema.org\",\"@graph\":[{\"@type\":\"WebPage\",\"@id\":\"https:\/\/ysse.ee\/fi\/yhteystiedot\/\",\"url\":\"https:\/\/ysse.ee\/fi\/yhteystiedot\/\",\"name\":\"Yhteystiedot - Ysse\",\"isPartOf\":{\"@id\":\"https:\/\/ysse.ee\/#website\"},\"datePublished\":\"2019-05-03T12:33:12+00:00\",\"dateModified\":\"2020-04-07T12:20:34+00:00\",\"breadcrumb\":{\"@id\":\"https:\/\/ysse.ee\/fi\/yhteystiedot\/#breadcrumb\"},\"inLanguage\":\"fi\",\"potentialAction\":[{\"@type\":\"ReadAction\",\"target\":[\"https:\/\/ysse.ee\/fi\/yhteystiedot\/\"]}]},{\"@type\":\"BreadcrumbList\",\"@id\":\"https:\/\/ysse.ee\/fi\/yhteystiedot\/#breadcrumb\",\"itemListElement\":[{\"@type\":\"ListItem\",\"position\":1,\"name\":\"Home\",\"item\":\"https:\/\/ysse.ee\/fi\/\"},{\"@type\":\"ListItem\",\"position\":2,\"name\":\"Yhteystiedot\"}]},{\"@type\":\"WebSite\",\"@id\":\"https:\/\/ysse.ee\/#website\",\"url\":\"https:\/\/ysse.ee\/\",\"name\":\"Ysse\",\"description\":\"Just another WordPress site\",\"publisher\":{\"@id\":\"https:\/\/ysse.ee\/#organization\"},\"potentialAction\":[{\"@type\":\"SearchAction\",\"target\":{\"@type\":\"EntryPoint\",\"urlTemplate\":\"https:\/\/ysse.ee\/?s={search_term_string}\"},\"query-input\":{\"@type\":\"PropertyValueSpecification\",\"valueRequired\":true,\"valueName\":\"search_term_string\"}}],\"inLanguage\":\"fi\"},{\"@type\":\"Organization\",\"@id\":\"https:\/\/ysse.ee\/#organization\",\"name\":\"Ysse O\u00dc\",\"url\":\"https:\/\/ysse.ee\/\",\"logo\":{\"@type\":\"ImageObject\",\"inLanguage\":\"fi\",\"@id\":\"https:\/\/ysse.ee\/#\/schema\/logo\/image\/\",\"url\":\"https:\/\/ysse.ee\/wp-content\/uploads\/2019\/05\/logo-1.svg\",\"contentUrl\":\"https:\/\/ysse.ee\/wp-content\/uploads\/2019\/05\/logo-1.svg\",\"width\":1,\"height\":1,\"caption\":\"Ysse O\u00dc\"},\"image\":{\"@id\":\"https:\/\/ysse.ee\/#\/schema\/logo\/image\/\"}}]}<\/script>\n<!-- \/ Yoast SEO plugin. -->","yoast_head_json":{"title":"Yhteystiedot - Ysse","robots":{"index":"index","follow":"follow","max-snippet":"max-snippet:-1","max-image-preview":"max-image-preview:large","max-video-preview":"max-video-preview:-1"},"canonical":"https:\/\/ysse.ee\/fi\/yhteystiedot\/","og_locale":"fi_FI","og_type":"article","og_title":"Yhteystiedot - Ysse","og_description":"Ysse O\u00dc T\u00f6\u00f6koja, \u00dcsse k\u00fcla, Ridala vald, L\u00e4\u00e4nemaa 90461info@ysse.ee Virolainen yritystunnus: 12812648Alv-tunniste: EE101900368LHV Pank: EE227700771001743925; BIC: LHVBEE22","og_url":"https:\/\/ysse.ee\/fi\/yhteystiedot\/","og_site_name":"Ysse","article_modified_time":"2020-04-07T12:20:34+00:00","twitter_card":"summary_large_image","schema":{"@context":"https:\/\/schema.org","@graph":[{"@type":"WebPage","@id":"https:\/\/ysse.ee\/fi\/yhteystiedot\/","url":"https:\/\/ysse.ee\/fi\/yhteystiedot\/","name":"Yhteystiedot - Ysse","isPartOf":{"@id":"https:\/\/ysse.ee\/#website"},"datePublished":"2019-05-03T12:33:12+00:00","dateModified":"2020-04-07T12:20:34+00:00","breadcrumb":{"@id":"https:\/\/ysse.ee\/fi\/yhteystiedot\/#breadcrumb"},"inLanguage":"fi","potentialAction":[{"@type":"ReadAction","target":["https:\/\/ysse.ee\/fi\/yhteystiedot\/"]}]},{"@type":"BreadcrumbList","@id":"https:\/\/ysse.ee\/fi\/yhteystiedot\/#breadcrumb","itemListElement":[{"@type":"ListItem","position":1,"name":"Home","item":"https:\/\/ysse.ee\/fi\/"},{"@type":"ListItem","position":2,"name":"Yhteystiedot"}]},{"@type":"WebSite","@id":"https:\/\/ysse.ee\/#website","url":"https:\/\/ysse.ee\/","name":"Ysse","description":"Just another WordPress site","publisher":{"@id":"https:\/\/ysse.ee\/#organization"},"potentialAction":[{"@type":"SearchAction","target":{"@type":"EntryPoint","urlTemplate":"https:\/\/ysse.ee\/?s={search_term_string}"},"query-input":{"@type":"PropertyValueSpecification","valueRequired":true,"valueName":"search_term_string"}}],"inLanguage":"fi"},{"@type":"Organization","@id":"https:\/\/ysse.ee\/#organization","name":"Ysse O\u00dc","url":"https:\/\/ysse.ee\/","logo":{"@type":"ImageObject","inLanguage":"fi","@id":"https:\/\/ysse.ee\/#\/schema\/logo\/image\/","url":"https:\/\/ysse.ee\/wp-content\/uploads\/2019\/05\/logo-1.svg","contentUrl":"https:\/\/ysse.ee\/wp-content\/uploads\/2019\/05\/logo-1.svg","width":1,"height":1,"caption":"Ysse O\u00dc"},"image":{"@id":"https:\/\/ysse.ee\/#\/schema\/logo\/image\/"}}]}},"coauthors":[],"author_meta":{"author_link":"https:\/\/ysse.ee\/fi\/author\/reaktiiv-ys\/","display_name":"reaktiiv-ys"},"relative_dates":{"created":"Posted 7 vuotta ago","modified":"Updated 6 vuotta ago"},"absolute_dates":{"created":"Posted on 03\/05\/2019","modified":"Updated on 07\/04\/2020"},"absolute_dates_time":{"created":"Posted on 03\/05\/2019 12:33","modified":"Updated on 07\/04\/2020 15:20"},"featured_img_caption":"","featured_img":false,"series_order":"","_links":{"self":[{"href":"https:\/\/ysse.ee\/fi\/wp-json\/wp\/v2\/pages\/1089","targetHints":{"allow":["GET"]}}],"collection":[{"href":"https:\/\/ysse.ee\/fi\/wp-json\/wp\/v2\/pages"}],"about":[{"href":"https:\/\/ysse.ee\/fi\/wp-json\/wp\/v2\/types\/page"}],"author":[{"embeddable":true,"href":"https:\/\/ysse.ee\/fi\/wp-json\/wp\/v2\/users\/2"}],"replies":[{"embeddable":true,"href":"https:\/\/ysse.ee\/fi\/wp-json\/wp\/v2\/comments?post=1089"}],"version-history":[{"count":6,"href":"https:\/\/ysse.ee\/fi\/wp-json\/wp\/v2\/pages\/1089\/revisions"}],"predecessor-version":[{"id":1890,"href":"https:\/\/ysse.ee\/fi\/wp-json\/wp\/v2\/pages\/1089\/revisions\/1890"}],"wp:attachment":[{"href":"https:\/\/ysse.ee\/fi\/wp-json\/wp\/v2\/media?parent=1089"}],"curies":[{"name":"wp","href":"https:\/\/api.w.org\/{rel}","templated":true}]}}