{"id":1837,"date":"2020-01-19T10:54:35","date_gmt":"2020-01-19T08:54:35","guid":{"rendered":"https:\/\/ysse.ee\/juhendid\/"},"modified":"2020-04-07T10:32:04","modified_gmt":"2020-04-07T07:32:04","slug":"manuals","status":"publish","type":"page","link":"https:\/\/ysse.ee\/en\/manuals\/","title":{"rendered":"Manuals"},"content":{"rendered":"\n<div class=\"wp-block-group\"><div class=\"wp-block-group__inner-container is-layout-flow wp-block-group-is-layout-flow\">\n<div class=\"wp-block-advgb-list\"><ul class=\"advgblist-5aeaa95c-651f-476f-a247-3e7da69867e9 advgb-list advgb-list-controls-play\"><li> Akende paigaldusjuhend<\/li><li> Tulet\u00f5kkeakende paigaldusjuhend<\/li><li> V\u00e4lisuste paigaldusjuhend<\/li><li> Akende kasutus- ja hooldusjuhend<\/li><li> V\u00e4lisuste kasutus- ja hooldusjuhend<\/li><li><a href=\"https:\/\/ysse.ee\/wp-content\/uploads\/2020\/01\/Simonswerk-Baka-Protect-4010-3D-FD-reguleerimisjuhend.pdf\"> Uksehingede Simonswerk BAKA 4010 3D FD reguleerimisjuhend<\/a><\/li><li> Uksehingede Simonswerk TE680 3D FD reguleerimisjuhend<\/li><li> Uksehingede Simonswerk Tectus TE240 3D F1 reguleerimisjuhend<\/li><li> Uksehingede Abloy 3244 reguleerimisjuhend<\/li><li><a href=\"https:\/\/ysse.ee\/wp-content\/uploads\/2020\/01\/assa-lukus\u00fcdamiku-skeem.pdf\"> Assa s\u00fcdamiku ja katter\u00f5ngaste paigaldusskeem v\u00e4lisuksele<\/a><\/li><li><a href=\"https:\/\/ysse.ee\/wp-content\/uploads\/2020\/01\/Roto-reguleerimisjuhend.pdf\"> ROTO NT Aknasuluste reguleerimisjuhend<\/a><\/li><li><a href=\"https:\/\/ysse.ee\/wp-content\/uploads\/2020\/01\/GU-aknasuluste-kasutus-ja-hooldusjuhend.pdf\"> GU Aknasuluste kasutus- ja reguleerimisjuhend <\/a><\/li><\/ul><\/div>\n<\/div><\/div>\n<style class=\"advgb-styles-renderer\">.wp-block-advgb-list ul.advgblist-5aeaa95c-651f-476f-a247-3e7da69867e9 > li{font-size:16px;}.wp-block-advgb-list ul.advgblist-5aeaa95c-651f-476f-a247-3e7da69867e9 > li{padding-left:18px;margin-left:0;}.wp-block-advgb-list ul.advgblist-5aeaa95c-651f-476f-a247-3e7da69867e9 > li:before{font-size:16px;color:#ff0000;line-height:18px;margin:2px;padding:2px;margin-left:-20px}.wp-block-advgb-list ul.advgblist-5aeaa95c-651f-476f-a247-3e7da69867e9 > li{font-size:16px;}.wp-block-advgb-list ul.advgblist-5aeaa95c-651f-476f-a247-3e7da69867e9 > li{padding-left:18px;margin-left:0;}.wp-block-advgb-list ul.advgblist-5aeaa95c-651f-476f-a247-3e7da69867e9 > li:before{font-size:16px;color:#ff0000;line-height:18px;margin:2px;padding:2px;margin-left:-20px}<\/style>","protected":false},"excerpt":{"rendered":"","protected":false},"author":3,"featured_media":0,"parent":0,"menu_order":0,"comment_status":"closed","ping_status":"closed","template":"","meta":{"_acf_changed":false,"inline_featured_image":false,"advgb_blocks_editor_width":"","advgb_blocks_columns_visual_guide":"","footnotes":""},"class_list":["post-1837","page","type-page","status-publish","hentry"],"acf":[],"yoast_head":"<!-- This site is optimized with the Yoast SEO plugin v26.2 - https:\/\/yoast.com\/wordpress\/plugins\/seo\/ -->\n<title>Manuals - Ysse<\/title>\n<meta name=\"robots\" content=\"index, follow, max-snippet:-1, max-image-preview:large, max-video-preview:-1\" \/>\n<link rel=\"canonical\" href=\"https:\/\/ysse.ee\/en\/manuals\/\" \/>\n<meta property=\"og:locale\" content=\"en_US\" \/>\n<meta property=\"og:type\" content=\"article\" \/>\n<meta property=\"og:title\" content=\"Manuals - Ysse\" \/>\n<meta property=\"og:url\" content=\"https:\/\/ysse.ee\/en\/manuals\/\" \/>\n<meta property=\"og:site_name\" content=\"Ysse\" \/>\n<meta property=\"article:modified_time\" content=\"2020-04-07T07:32:04+00:00\" \/>\n<meta name=\"twitter:card\" content=\"summary_large_image\" \/>\n<script type=\"application\/ld+json\" class=\"yoast-schema-graph\">{\"@context\":\"https:\/\/schema.org\",\"@graph\":[{\"@type\":\"WebPage\",\"@id\":\"https:\/\/ysse.ee\/en\/manuals\/\",\"url\":\"https:\/\/ysse.ee\/en\/manuals\/\",\"name\":\"Manuals - Ysse\",\"isPartOf\":{\"@id\":\"https:\/\/ysse.ee\/#website\"},\"datePublished\":\"2020-01-19T08:54:35+00:00\",\"dateModified\":\"2020-04-07T07:32:04+00:00\",\"breadcrumb\":{\"@id\":\"https:\/\/ysse.ee\/en\/manuals\/#breadcrumb\"},\"inLanguage\":\"en-US\",\"potentialAction\":[{\"@type\":\"ReadAction\",\"target\":[\"https:\/\/ysse.ee\/en\/manuals\/\"]}]},{\"@type\":\"BreadcrumbList\",\"@id\":\"https:\/\/ysse.ee\/en\/manuals\/#breadcrumb\",\"itemListElement\":[{\"@type\":\"ListItem\",\"position\":1,\"name\":\"Home\",\"item\":\"https:\/\/ysse.ee\/en\/\"},{\"@type\":\"ListItem\",\"position\":2,\"name\":\"Manuals\"}]},{\"@type\":\"WebSite\",\"@id\":\"https:\/\/ysse.ee\/#website\",\"url\":\"https:\/\/ysse.ee\/\",\"name\":\"Ysse\",\"description\":\"Just another WordPress site\",\"publisher\":{\"@id\":\"https:\/\/ysse.ee\/#organization\"},\"potentialAction\":[{\"@type\":\"SearchAction\",\"target\":{\"@type\":\"EntryPoint\",\"urlTemplate\":\"https:\/\/ysse.ee\/?s={search_term_string}\"},\"query-input\":{\"@type\":\"PropertyValueSpecification\",\"valueRequired\":true,\"valueName\":\"search_term_string\"}}],\"inLanguage\":\"en-US\"},{\"@type\":\"Organization\",\"@id\":\"https:\/\/ysse.ee\/#organization\",\"name\":\"Ysse O\u00dc\",\"url\":\"https:\/\/ysse.ee\/\",\"logo\":{\"@type\":\"ImageObject\",\"inLanguage\":\"en-US\",\"@id\":\"https:\/\/ysse.ee\/#\/schema\/logo\/image\/\",\"url\":\"https:\/\/ysse.ee\/wp-content\/uploads\/2019\/05\/logo-1.svg\",\"contentUrl\":\"https:\/\/ysse.ee\/wp-content\/uploads\/2019\/05\/logo-1.svg\",\"width\":1,\"height\":1,\"caption\":\"Ysse O\u00dc\"},\"image\":{\"@id\":\"https:\/\/ysse.ee\/#\/schema\/logo\/image\/\"}}]}<\/script>\n<!-- \/ Yoast SEO plugin. -->","yoast_head_json":{"title":"Manuals - Ysse","robots":{"index":"index","follow":"follow","max-snippet":"max-snippet:-1","max-image-preview":"max-image-preview:large","max-video-preview":"max-video-preview:-1"},"canonical":"https:\/\/ysse.ee\/en\/manuals\/","og_locale":"en_US","og_type":"article","og_title":"Manuals - Ysse","og_url":"https:\/\/ysse.ee\/en\/manuals\/","og_site_name":"Ysse","article_modified_time":"2020-04-07T07:32:04+00:00","twitter_card":"summary_large_image","schema":{"@context":"https:\/\/schema.org","@graph":[{"@type":"WebPage","@id":"https:\/\/ysse.ee\/en\/manuals\/","url":"https:\/\/ysse.ee\/en\/manuals\/","name":"Manuals - Ysse","isPartOf":{"@id":"https:\/\/ysse.ee\/#website"},"datePublished":"2020-01-19T08:54:35+00:00","dateModified":"2020-04-07T07:32:04+00:00","breadcrumb":{"@id":"https:\/\/ysse.ee\/en\/manuals\/#breadcrumb"},"inLanguage":"en-US","potentialAction":[{"@type":"ReadAction","target":["https:\/\/ysse.ee\/en\/manuals\/"]}]},{"@type":"BreadcrumbList","@id":"https:\/\/ysse.ee\/en\/manuals\/#breadcrumb","itemListElement":[{"@type":"ListItem","position":1,"name":"Home","item":"https:\/\/ysse.ee\/en\/"},{"@type":"ListItem","position":2,"name":"Manuals"}]},{"@type":"WebSite","@id":"https:\/\/ysse.ee\/#website","url":"https:\/\/ysse.ee\/","name":"Ysse","description":"Just another WordPress site","publisher":{"@id":"https:\/\/ysse.ee\/#organization"},"potentialAction":[{"@type":"SearchAction","target":{"@type":"EntryPoint","urlTemplate":"https:\/\/ysse.ee\/?s={search_term_string}"},"query-input":{"@type":"PropertyValueSpecification","valueRequired":true,"valueName":"search_term_string"}}],"inLanguage":"en-US"},{"@type":"Organization","@id":"https:\/\/ysse.ee\/#organization","name":"Ysse O\u00dc","url":"https:\/\/ysse.ee\/","logo":{"@type":"ImageObject","inLanguage":"en-US","@id":"https:\/\/ysse.ee\/#\/schema\/logo\/image\/","url":"https:\/\/ysse.ee\/wp-content\/uploads\/2019\/05\/logo-1.svg","contentUrl":"https:\/\/ysse.ee\/wp-content\/uploads\/2019\/05\/logo-1.svg","width":1,"height":1,"caption":"Ysse O\u00dc"},"image":{"@id":"https:\/\/ysse.ee\/#\/schema\/logo\/image\/"}}]}},"coauthors":[],"author_meta":{"author_link":"https:\/\/ysse.ee\/en\/author\/rainer\/","display_name":"rainer"},"relative_dates":{"created":"Posted 6 years ago","modified":"Updated 6 years ago"},"absolute_dates":{"created":"Posted on 19\/01\/2020","modified":"Updated on 07\/04\/2020"},"absolute_dates_time":{"created":"Posted on 19\/01\/2020 10:54","modified":"Updated on 07\/04\/2020 10:32"},"featured_img_caption":"","featured_img":false,"series_order":"","_links":{"self":[{"href":"https:\/\/ysse.ee\/en\/wp-json\/wp\/v2\/pages\/1837","targetHints":{"allow":["GET"]}}],"collection":[{"href":"https:\/\/ysse.ee\/en\/wp-json\/wp\/v2\/pages"}],"about":[{"href":"https:\/\/ysse.ee\/en\/wp-json\/wp\/v2\/types\/page"}],"author":[{"embeddable":true,"href":"https:\/\/ysse.ee\/en\/wp-json\/wp\/v2\/users\/3"}],"replies":[{"embeddable":true,"href":"https:\/\/ysse.ee\/en\/wp-json\/wp\/v2\/comments?post=1837"}],"version-history":[{"count":1,"href":"https:\/\/ysse.ee\/en\/wp-json\/wp\/v2\/pages\/1837\/revisions"}],"predecessor-version":[{"id":1838,"href":"https:\/\/ysse.ee\/en\/wp-json\/wp\/v2\/pages\/1837\/revisions\/1838"}],"wp:attachment":[{"href":"https:\/\/ysse.ee\/en\/wp-json\/wp\/v2\/media?parent=1837"}],"curies":[{"name":"wp","href":"https:\/\/api.w.org\/{rel}","templated":true}]}}