{"id":1086,"date":"2019-05-03T12:33:12","date_gmt":"2019-05-03T12:33:12","guid":{"rendered":"https:\/\/ysse.ee\/kontakt\/"},"modified":"2020-04-03T15:21:47","modified_gmt":"2020-04-03T12:21:47","slug":"contact","status":"publish","type":"page","link":"https:\/\/ysse.ee\/en\/contact\/","title":{"rendered":"Contact"},"content":{"rendered":"\n<h2 class=\"wp-block-heading\">Ysse O\u00dc<\/h2>\n\n\n\n<p>T\u00f6\u00f6koja, \u00dcsse k\u00fcla, Ridala vald, L\u00e4\u00e4nemaa 90461<br><a href=\"mailto:info@ysse.ee\">info@ysse.ee<\/a><\/p>\n\n\n\n<p>Registry code: 12812648<br>VAT number: EE101900368<br>LHV Pank: EE227700771001743925; BIC: LHVBEE22<\/p>\n","protected":false},"excerpt":{"rendered":"Ysse O\u00dc T\u00f6\u00f6koja, \u00dcsse k\u00fcla, Ridala vald, L\u00e4\u00e4nemaa 90461info@ysse.ee Registry code: 12812648VAT number: EE101900368LHV Pank: EE227700771001743925; BIC: LHVBEE22","protected":false},"author":2,"featured_media":0,"parent":0,"menu_order":0,"comment_status":"closed","ping_status":"closed","template":"page-templates\/template-contact.php","meta":{"_acf_changed":false,"inline_featured_image":false,"advgb_blocks_editor_width":"","advgb_blocks_columns_visual_guide":"","footnotes":""},"class_list":["post-1086","page","type-page","status-publish","hentry"],"acf":[],"yoast_head":"<!-- This site is optimized with the Yoast SEO plugin v26.2 - https:\/\/yoast.com\/wordpress\/plugins\/seo\/ -->\n<title>Contact - Ysse<\/title>\n<meta name=\"robots\" content=\"index, follow, max-snippet:-1, max-image-preview:large, max-video-preview:-1\" \/>\n<link rel=\"canonical\" href=\"https:\/\/ysse.ee\/en\/contact\/\" \/>\n<meta property=\"og:locale\" content=\"en_US\" \/>\n<meta property=\"og:type\" content=\"article\" \/>\n<meta property=\"og:title\" content=\"Contact - Ysse\" \/>\n<meta property=\"og:description\" content=\"Ysse O\u00dc T\u00f6\u00f6koja, \u00dcsse k\u00fcla, Ridala vald, L\u00e4\u00e4nemaa 90461info@ysse.ee Registry code: 12812648VAT number: EE101900368LHV Pank: EE227700771001743925; BIC: LHVBEE22\" \/>\n<meta property=\"og:url\" content=\"https:\/\/ysse.ee\/en\/contact\/\" \/>\n<meta property=\"og:site_name\" content=\"Ysse\" \/>\n<meta property=\"article:modified_time\" content=\"2020-04-03T12:21:47+00:00\" \/>\n<meta name=\"twitter:card\" content=\"summary_large_image\" \/>\n<script type=\"application\/ld+json\" class=\"yoast-schema-graph\">{\"@context\":\"https:\/\/schema.org\",\"@graph\":[{\"@type\":\"WebPage\",\"@id\":\"https:\/\/ysse.ee\/en\/contact\/\",\"url\":\"https:\/\/ysse.ee\/en\/contact\/\",\"name\":\"Contact - Ysse\",\"isPartOf\":{\"@id\":\"https:\/\/ysse.ee\/#website\"},\"datePublished\":\"2019-05-03T12:33:12+00:00\",\"dateModified\":\"2020-04-03T12:21:47+00:00\",\"breadcrumb\":{\"@id\":\"https:\/\/ysse.ee\/en\/contact\/#breadcrumb\"},\"inLanguage\":\"en-US\",\"potentialAction\":[{\"@type\":\"ReadAction\",\"target\":[\"https:\/\/ysse.ee\/en\/contact\/\"]}]},{\"@type\":\"BreadcrumbList\",\"@id\":\"https:\/\/ysse.ee\/en\/contact\/#breadcrumb\",\"itemListElement\":[{\"@type\":\"ListItem\",\"position\":1,\"name\":\"Home\",\"item\":\"https:\/\/ysse.ee\/en\/\"},{\"@type\":\"ListItem\",\"position\":2,\"name\":\"Contact\"}]},{\"@type\":\"WebSite\",\"@id\":\"https:\/\/ysse.ee\/#website\",\"url\":\"https:\/\/ysse.ee\/\",\"name\":\"Ysse\",\"description\":\"Just another WordPress site\",\"publisher\":{\"@id\":\"https:\/\/ysse.ee\/#organization\"},\"potentialAction\":[{\"@type\":\"SearchAction\",\"target\":{\"@type\":\"EntryPoint\",\"urlTemplate\":\"https:\/\/ysse.ee\/?s={search_term_string}\"},\"query-input\":{\"@type\":\"PropertyValueSpecification\",\"valueRequired\":true,\"valueName\":\"search_term_string\"}}],\"inLanguage\":\"en-US\"},{\"@type\":\"Organization\",\"@id\":\"https:\/\/ysse.ee\/#organization\",\"name\":\"Ysse O\u00dc\",\"url\":\"https:\/\/ysse.ee\/\",\"logo\":{\"@type\":\"ImageObject\",\"inLanguage\":\"en-US\",\"@id\":\"https:\/\/ysse.ee\/#\/schema\/logo\/image\/\",\"url\":\"https:\/\/ysse.ee\/wp-content\/uploads\/2019\/05\/logo-1.svg\",\"contentUrl\":\"https:\/\/ysse.ee\/wp-content\/uploads\/2019\/05\/logo-1.svg\",\"width\":1,\"height\":1,\"caption\":\"Ysse O\u00dc\"},\"image\":{\"@id\":\"https:\/\/ysse.ee\/#\/schema\/logo\/image\/\"}}]}<\/script>\n<!-- \/ Yoast SEO plugin. -->","yoast_head_json":{"title":"Contact - Ysse","robots":{"index":"index","follow":"follow","max-snippet":"max-snippet:-1","max-image-preview":"max-image-preview:large","max-video-preview":"max-video-preview:-1"},"canonical":"https:\/\/ysse.ee\/en\/contact\/","og_locale":"en_US","og_type":"article","og_title":"Contact - Ysse","og_description":"Ysse O\u00dc T\u00f6\u00f6koja, \u00dcsse k\u00fcla, Ridala vald, L\u00e4\u00e4nemaa 90461info@ysse.ee Registry code: 12812648VAT number: EE101900368LHV Pank: EE227700771001743925; BIC: LHVBEE22","og_url":"https:\/\/ysse.ee\/en\/contact\/","og_site_name":"Ysse","article_modified_time":"2020-04-03T12:21:47+00:00","twitter_card":"summary_large_image","schema":{"@context":"https:\/\/schema.org","@graph":[{"@type":"WebPage","@id":"https:\/\/ysse.ee\/en\/contact\/","url":"https:\/\/ysse.ee\/en\/contact\/","name":"Contact - Ysse","isPartOf":{"@id":"https:\/\/ysse.ee\/#website"},"datePublished":"2019-05-03T12:33:12+00:00","dateModified":"2020-04-03T12:21:47+00:00","breadcrumb":{"@id":"https:\/\/ysse.ee\/en\/contact\/#breadcrumb"},"inLanguage":"en-US","potentialAction":[{"@type":"ReadAction","target":["https:\/\/ysse.ee\/en\/contact\/"]}]},{"@type":"BreadcrumbList","@id":"https:\/\/ysse.ee\/en\/contact\/#breadcrumb","itemListElement":[{"@type":"ListItem","position":1,"name":"Home","item":"https:\/\/ysse.ee\/en\/"},{"@type":"ListItem","position":2,"name":"Contact"}]},{"@type":"WebSite","@id":"https:\/\/ysse.ee\/#website","url":"https:\/\/ysse.ee\/","name":"Ysse","description":"Just another WordPress site","publisher":{"@id":"https:\/\/ysse.ee\/#organization"},"potentialAction":[{"@type":"SearchAction","target":{"@type":"EntryPoint","urlTemplate":"https:\/\/ysse.ee\/?s={search_term_string}"},"query-input":{"@type":"PropertyValueSpecification","valueRequired":true,"valueName":"search_term_string"}}],"inLanguage":"en-US"},{"@type":"Organization","@id":"https:\/\/ysse.ee\/#organization","name":"Ysse O\u00dc","url":"https:\/\/ysse.ee\/","logo":{"@type":"ImageObject","inLanguage":"en-US","@id":"https:\/\/ysse.ee\/#\/schema\/logo\/image\/","url":"https:\/\/ysse.ee\/wp-content\/uploads\/2019\/05\/logo-1.svg","contentUrl":"https:\/\/ysse.ee\/wp-content\/uploads\/2019\/05\/logo-1.svg","width":1,"height":1,"caption":"Ysse O\u00dc"},"image":{"@id":"https:\/\/ysse.ee\/#\/schema\/logo\/image\/"}}]}},"coauthors":[],"author_meta":{"author_link":"https:\/\/ysse.ee\/en\/author\/reaktiiv-ys\/","display_name":"reaktiiv-ys"},"relative_dates":{"created":"Posted 7 years ago","modified":"Updated 6 years ago"},"absolute_dates":{"created":"Posted on 03\/05\/2019","modified":"Updated on 03\/04\/2020"},"absolute_dates_time":{"created":"Posted on 03\/05\/2019 12:33","modified":"Updated on 03\/04\/2020 15:21"},"featured_img_caption":"","featured_img":false,"series_order":"","_links":{"self":[{"href":"https:\/\/ysse.ee\/en\/wp-json\/wp\/v2\/pages\/1086","targetHints":{"allow":["GET"]}}],"collection":[{"href":"https:\/\/ysse.ee\/en\/wp-json\/wp\/v2\/pages"}],"about":[{"href":"https:\/\/ysse.ee\/en\/wp-json\/wp\/v2\/types\/page"}],"author":[{"embeddable":true,"href":"https:\/\/ysse.ee\/en\/wp-json\/wp\/v2\/users\/2"}],"replies":[{"embeddable":true,"href":"https:\/\/ysse.ee\/en\/wp-json\/wp\/v2\/comments?post=1086"}],"version-history":[{"count":7,"href":"https:\/\/ysse.ee\/en\/wp-json\/wp\/v2\/pages\/1086\/revisions"}],"predecessor-version":[{"id":1728,"href":"https:\/\/ysse.ee\/en\/wp-json\/wp\/v2\/pages\/1086\/revisions\/1728"}],"wp:attachment":[{"href":"https:\/\/ysse.ee\/en\/wp-json\/wp\/v2\/media?parent=1086"}],"curies":[{"name":"wp","href":"https:\/\/api.w.org\/{rel}","templated":true}]}}